{"id":1722,"date":"2021-04-02T07:21:15","date_gmt":"2021-04-02T06:21:15","guid":{"rendered":"https:\/\/hooymanssubstrates.com\/contact\/"},"modified":"2023-05-19T15:32:48","modified_gmt":"2023-05-19T14:32:48","slug":"kontakt","status":"publish","type":"page","link":"https:\/\/hooymanssubstrates.com\/de\/kontakt\/","title":{"rendered":"Kontakt"},"content":{"rendered":"\n<h5 class=\"wp-block-heading\"><strong>GERNE<\/strong> H\u00d6REN WIR VON IHNEN<\/h5>\n\n<p>M\u00f6chten Sie mehr \u00fcber Hooymans Substrates erfahren oder sich zu unseren Produkten beraten lassen? <br\/>F\u00fcllen Sie bitte das untenstehende Formular aus \u2013 dann kontaktieren wir Sie gerne!<\/p>\n<script type=\"text\/javascript\">\n\/* <![CDATA[ *\/\nvar gform;gform||(document.addEventListener(\"gform_main_scripts_loaded\",function(){gform.scriptsLoaded=!0}),document.addEventListener(\"gform\/theme\/scripts_loaded\",function(){gform.themeScriptsLoaded=!0}),window.addEventListener(\"DOMContentLoaded\",function(){gform.domLoaded=!0}),gform={domLoaded:!1,scriptsLoaded:!1,themeScriptsLoaded:!1,isFormEditor:()=>\"function\"==typeof InitializeEditor,callIfLoaded:function(o){return!(!gform.domLoaded||!gform.scriptsLoaded||!gform.themeScriptsLoaded&&!gform.isFormEditor()||(gform.isFormEditor()&&console.warn(\"The use of gform.initializeOnLoaded() is deprecated in the form editor context and will be removed in Gravity Forms 3.1.\"),o(),0))},initializeOnLoaded:function(o){gform.callIfLoaded(o)||(document.addEventListener(\"gform_main_scripts_loaded\",()=>{gform.scriptsLoaded=!0,gform.callIfLoaded(o)}),document.addEventListener(\"gform\/theme\/scripts_loaded\",()=>{gform.themeScriptsLoaded=!0,gform.callIfLoaded(o)}),window.addEventListener(\"DOMContentLoaded\",()=>{gform.domLoaded=!0,gform.callIfLoaded(o)}))},hooks:{action:{},filter:{}},addAction:function(o,r,e,t){gform.addHook(\"action\",o,r,e,t)},addFilter:function(o,r,e,t){gform.addHook(\"filter\",o,r,e,t)},doAction:function(o){gform.doHook(\"action\",o,arguments)},applyFilters:function(o){return gform.doHook(\"filter\",o,arguments)},removeAction:function(o,r){gform.removeHook(\"action\",o,r)},removeFilter:function(o,r,e){gform.removeHook(\"filter\",o,r,e)},addHook:function(o,r,e,t,n){null==gform.hooks[o][r]&&(gform.hooks[o][r]=[]);var d=gform.hooks[o][r];null==n&&(n=r+\"_\"+d.length),gform.hooks[o][r].push({tag:n,callable:e,priority:t=null==t?10:t})},doHook:function(r,o,e){var t;if(e=Array.prototype.slice.call(e,1),null!=gform.hooks[r][o]&&((o=gform.hooks[r][o]).sort(function(o,r){return o.priority-r.priority}),o.forEach(function(o){\"function\"!=typeof(t=o.callable)&&(t=window[t]),\"action\"==r?t.apply(null,e):e[0]=t.apply(null,e)})),\"filter\"==r)return e[0]},removeHook:function(o,r,t,n){var e;null!=gform.hooks[o][r]&&(e=(e=gform.hooks[o][r]).filter(function(o,r,e){return!!(null!=n&&n!=o.tag||null!=t&&t!=o.priority)}),gform.hooks[o][r]=e)}});\n\/* ]]> *\/\n<\/script>\n\n                <div class='gf_browser_gecko gform_wrapper gform_legacy_markup_wrapper gform-theme--no-framework contact_form_wrapper' data-form-theme='legacy' data-form-index='0' id='gform_wrapper_2' ><div id='gf_2' class='gform_anchor' tabindex='-1'><\/div>\n                        <div class='gform_heading'>\n                            <p class='gform_description'><\/p>\n                        <\/div><form method='post' enctype='multipart\/form-data' target='gform_ajax_frame_2' id='gform_2' class='contact_form' action='\/de\/wp-json\/wp\/v2\/pages\/1722#gf_2' data-formid='2' novalidate>\n                        <div class='gform-body gform_body'><ul id='gform_fields_2' class='gform_fields top_label form_sublabel_below description_below validation_below'><li id=\"field_2_6\" class=\"gfield gfield--type-honeypot gform_validation_container field_sublabel_below gfield--has-description field_description_below field_validation_below gfield_visibility_visible\"  ><label class='gfield_label gform-field-label' for='input_2_6'>Instagram<\/label><div class='ginput_container'><input name='input_6' id='input_2_6' type='text' value='' autocomplete='new-password'\/><\/div><div class='gfield_description' id='gfield_description_2_6'>Dieses Feld dient zur Validierung und sollte nicht ver\u00e4ndert werden.<\/div><\/li><li id=\"field_2_1\" class=\"gfield gfield--type-text gfield_contains_required field_sublabel_below gfield--no-description field_description_below field_validation_below gfield_visibility_visible\"  ><label class='gfield_label gform-field-label' for='input_2_1'>Name:<span class=\"gfield_required\"><span class=\"gfield_required gfield_required_asterisk\">*<\/span><\/span><\/label><div class='ginput_container ginput_container_text'><input name='input_1' id='input_2_1' type='text' value='' class='medium'     aria-required=\"true\" aria-invalid=\"false\"   \/><\/div><\/li><li id=\"field_2_2\" class=\"gfield gfield--type-email gfield_contains_required field_sublabel_below gfield--no-description field_description_below field_validation_below gfield_visibility_visible\"  ><label class='gfield_label gform-field-label' for='input_2_2'>Email:<span class=\"gfield_required\"><span class=\"gfield_required gfield_required_asterisk\">*<\/span><\/span><\/label><div class='ginput_container ginput_container_email'>\n                            <input name='input_2' id='input_2_2' type='email' value='' class='medium'    aria-required=\"true\" aria-invalid=\"false\"  \/>\n                        <\/div><\/li><li id=\"field_2_3\" class=\"gfield gfield--type-text field_sublabel_below gfield--no-description field_description_below field_validation_below gfield_visibility_visible\"  ><label class='gfield_label gform-field-label' for='input_2_3'>Unternehmen \/ organisation:<\/label><div class='ginput_container ginput_container_text'><input name='input_3' id='input_2_3' type='text' value='' class='medium'      aria-invalid=\"false\"   \/><\/div><\/li><li id=\"field_2_4\" class=\"gfield gfield--type-textarea field_sublabel_below gfield--no-description field_description_below field_validation_below gfield_visibility_visible\"  ><label class='gfield_label gform-field-label' for='input_2_4'>Nachricht:<\/label><div class='ginput_container ginput_container_textarea'><textarea name='input_4' id='input_2_4' class='textarea medium'      aria-invalid=\"false\"   rows='10' cols='50'><\/textarea><\/div><\/li><li id=\"field_2_5\" class=\"gfield gfield--type-captcha gfield--width-full g-recaptcha field_sublabel_below gfield--no-description field_description_below hidden_label field_validation_below gfield_visibility_visible\"  ><label class='gfield_label gform-field-label' for='input_2_5'>CAPTCHA<\/label><div id='input_2_5' class='ginput_container ginput_recaptcha' data-sitekey='6LePx98lAAAAAKOLe0OSr2WNtwOTP24Xfc5BBZTc'  data-theme='light' data-tabindex='-1' data-size='invisible' data-badge='bottomright'><\/div><\/li><\/ul><\/div>\n        <div class='gform-footer gform_footer top_label'> <input type='submit' id='gform_submit_button_2' class='gform_button button' onclick='gform.submission.handleButtonClick(this);' data-submission-type='submit' value='schicken'  \/> <input type='hidden' name='gform_ajax' value='form_id=2&amp;title=&amp;description=1&amp;tabindex=0&amp;theme=legacy&amp;styles=[]&amp;hash=aa44eb4d97769b53481534bdb8702355' \/>\n            <input type='hidden' class='gform_hidden' name='gform_submission_method' data-js='gform_submission_method_2' value='iframe' \/>\n            <input type='hidden' class='gform_hidden' name='gform_theme' data-js='gform_theme_2' id='gform_theme_2' value='legacy' \/>\n            <input type='hidden' class='gform_hidden' name='gform_style_settings' data-js='gform_style_settings_2' id='gform_style_settings_2' value='[]' \/>\n            <input type='hidden' class='gform_hidden' name='is_submit_2' value='1' \/>\n            <input type='hidden' class='gform_hidden' name='gform_submit' value='2' \/>\n            \n            <input type='hidden' class='gform_hidden' name='gform_currency' data-currency='USD' value='1fbgx5mpZp4qN7t3S\/1xbttOmJuY1uGrCnbXvopbUG7wJLyyywi5jVxUJP1JLGIWTLwzaUPXqfJyfCk\/9MTd+O500Cn3kBQEwhJazugofbcRcIc=' \/>\n            <input type='hidden' class='gform_hidden' name='gform_unique_id' value='' \/>\n            <input type='hidden' class='gform_hidden' name='state_2' value='WyJbXSIsIjA5OWE5NWZiYWZjOGE0MjIxNTA4NDdjNGIyNjJmYjM3Il0=' \/>\n            <input type='hidden' autocomplete='off' class='gform_hidden' name='gform_target_page_number_2' id='gform_target_page_number_2' value='0' \/>\n            <input type='hidden' autocomplete='off' class='gform_hidden' name='gform_source_page_number_2' id='gform_source_page_number_2' value='1' \/>\n            <input type='hidden' name='gform_field_values' value='' \/>\n            \n        <\/div>\n                        <\/form>\n                        <\/div>\n\t\t                <iframe style='display:none;width:0px;height:0px;' src='about:blank' name='gform_ajax_frame_2' id='gform_ajax_frame_2' title='Dieser iframe enth\u00e4lt die erforderliche Logik um Gravity Forms Formulare mit AJAX zu handhaben.'><\/iframe>\n\t\t                <script type=\"text\/javascript\">\n\/* <![CDATA[ *\/\n gform.initializeOnLoaded( function() {gformInitSpinner( 2, 'https:\/\/hooymanssubstrates.com\/wp-content\/plugins\/gravityforms\/images\/spinner.svg', true );jQuery('#gform_ajax_frame_2').on('load',function(){var contents = jQuery(this).contents().find('*').html();var is_postback = contents.indexOf('GF_AJAX_POSTBACK') >= 0;if(!is_postback){return;}var form_content = jQuery(this).contents().find('#gform_wrapper_2');var is_confirmation = jQuery(this).contents().find('#gform_confirmation_wrapper_2').length > 0;var is_redirect = contents.indexOf('gformRedirect(){') >= 0;var is_form = form_content.length > 0 && ! is_redirect && ! is_confirmation;var mt = parseInt(jQuery('html').css('margin-top'), 10) + parseInt(jQuery('body').css('margin-top'), 10) + 100;if(is_form){jQuery('#gform_wrapper_2').html(form_content.html());if(form_content.hasClass('gform_validation_error')){jQuery('#gform_wrapper_2').addClass('gform_validation_error');} else {jQuery('#gform_wrapper_2').removeClass('gform_validation_error');}setTimeout( function() { \/* delay the scroll by 50 milliseconds to fix a bug in chrome *\/ jQuery(document).scrollTop(jQuery('#gform_wrapper_2').offset().top - mt); }, 50 );if(window['gformInitDatepicker']) {gformInitDatepicker();}if(window['gformInitPriceFields']) {gformInitPriceFields();}var current_page = jQuery('#gform_source_page_number_2').val();gformInitSpinner( 2, 'https:\/\/hooymanssubstrates.com\/wp-content\/plugins\/gravityforms\/images\/spinner.svg', true );jQuery(document).trigger('gform_page_loaded', [2, current_page]);window['gf_submitting_2'] = false;}else if(!is_redirect){var confirmation_content = jQuery(this).contents().find('.GF_AJAX_POSTBACK').html();if(!confirmation_content){confirmation_content = contents;}jQuery('#gform_wrapper_2').replaceWith(confirmation_content);jQuery(document).scrollTop(jQuery('#gf_2').offset().top - mt);jQuery(document).trigger('gform_confirmation_loaded', [2]);window['gf_submitting_2'] = false;wp.a11y.speak(jQuery('#gform_confirmation_message_2').text());}else{jQuery('#gform_2').append(contents);if(window['gformRedirect']) {gformRedirect();}}jQuery(document).trigger(\"gform_pre_post_render\", [{ formId: \"2\", currentPage: \"current_page\", abort: function() { this.preventDefault(); } }]);        if (event && event.defaultPrevented) {                return;        }        const gformWrapperDiv = document.getElementById( \"gform_wrapper_2\" );        if ( gformWrapperDiv ) {            const visibilitySpan = document.createElement( \"span\" );            visibilitySpan.id = \"gform_visibility_test_2\";            gformWrapperDiv.insertAdjacentElement( \"afterend\", visibilitySpan );        }        const visibilityTestDiv = document.getElementById( \"gform_visibility_test_2\" );        let postRenderFired = false;        function triggerPostRender() {            if ( postRenderFired ) {                return;            }            postRenderFired = true;            gform.core.triggerPostRenderEvents( 2, current_page );            if ( visibilityTestDiv ) {                visibilityTestDiv.parentNode.removeChild( visibilityTestDiv );            }        }        function debounce( func, wait, immediate ) {            var timeout;            return function() {                var context = this, args = arguments;                var later = function() {                    timeout = null;                    if ( !immediate ) func.apply( context, args );                };                var callNow = immediate && !timeout;                clearTimeout( timeout );                timeout = setTimeout( later, wait );                if ( callNow ) func.apply( context, args );            };        }        const debouncedTriggerPostRender = debounce( function() {            triggerPostRender();        }, 200 );        if ( visibilityTestDiv && visibilityTestDiv.offsetParent === null ) {            const observer = new MutationObserver( ( mutations ) => {                mutations.forEach( ( mutation ) => {                    if ( mutation.type === 'attributes' && visibilityTestDiv.offsetParent !== null ) {                        debouncedTriggerPostRender();                        observer.disconnect();                    }                });            });            observer.observe( document.body, {                attributes: true,                childList: false,                subtree: true,                attributeFilter: [ 'style', 'class' ],            });        } else {            triggerPostRender();        }    } );} ); \n\/* ]]> *\/\n<\/script>\n\n\n\n\n\n<!-- map_block -->\n<div id=\"map-block_5f5addb399692a132d0a4d370daa59bd\" class=\"map_block alignfull\">\n    <div class=\"map_info\">\n        <h5>Besuchen Sie uns auch gerne f\u00fcr eine Tasse Kaffee &amp; und ein <strong>nettes Gespr\u00e4ch<\/strong><\/h5>        <ul class=\"contact_info\">\n            <li><a href=\"https:\/\/www.google.com\/maps\/dir\/51.7018548,5.2866665\/hooymans+compost\/@51.7334122,5.2680553,13z\/data=!3m1!4b1!4m9!4m8!1m1!4e1!1m5!1m1!1s0x47c6f16d23c6ea07:0x7e8e43724591fb31!2m2!1d5.3204467!2d51.7597208\"><strong>HOOYMANS SUBSTRATES<\/strong><br \/>\nOostenbroekweg 19 <br \/>\n5334 NZ Velddriel <br \/>\nNiederlande<\/a><\/li>            <li><a class=\"phone\" href=\"(+31)(0)418) 63 39 11\">T (+31)(0)418) 63 39 11<\/a><\/li>            <li><a href=\"mailto:info@hooymanssubstrates.com\">info@hooymanssubstrates.com<\/a><\/li>        <\/ul>\n        <div>\n            <a href=\"https:\/\/www.google.com\/maps\/dir\/51.7018548,5.2866665\/hooymans+compost\/@51.7334122,5.2680553,13z\/data=!3m1!4b1!4m9!4m8!1m1!4e1!1m5!1m1!1s0x47c6f16d23c6ea07:0x7e8e43724591fb31!2m2!1d5.3204467!2d51.7597208\" target=\"\" title=\"PLANEN SIE IHRE ROUTE\" class=\"button button_reverse\">PLANEN SIE IHRE ROUTE<\/a>                            <div>\n                    Folge uns auf:                    <div class=\"menu-social-menu-container\"><ul id=\"menu-social-menu\" class=\"menu\"><li id=\"menu-item-567\" class=\"menu-item menu-item-type-custom menu-item-object-custom menu-item-567\"><a href=\"https:\/\/www.facebook.com\/profile.php?id=100057395441730\">facebook<\/a><\/li>\n<li id=\"menu-item-569\" class=\"menu-item menu-item-type-custom menu-item-object-custom menu-item-569\"><a href=\"https:\/\/www.youtube.com\/channel\/UC58CKWRSQ4Dx-LXFBYxL7RQ\">youtube<\/a><\/li>\n<li id=\"menu-item-572\" class=\"menu-item menu-item-type-custom menu-item-object-custom menu-item-572\"><a href=\"https:\/\/www.linkedin.com\/company\/hooymanssubstrates\/\">linkedin<\/a><\/li>\n<\/ul><\/div>                <\/div>\n                    <\/div>\n    <\/div>\n        <div class=\"acf-map\">\n        <div class=\"marker\" data-lat=\"51.7597208\" data-lng=\"5.3204467\" data-icon=\"https:\/\/hooymanssubstrates.com\/wp-content\/themes\/Hooymans\/images\/icons\/pin.svg\"><\/div>\n    <\/div>\n    <\/div>\n<!-- \/map_block -->","protected":false},"excerpt":{"rendered":"<p>GERNE H\u00d6REN WIR VON IHNEN M\u00f6chten Sie mehr \u00fcber Hooymans Substrates erfahren oder sich zu unseren Produkten beraten lassen? F\u00fcllen Sie bitte das untenstehende Formular aus \u2013 dann kontaktieren wir Sie gerne!<\/p>\n","protected":false},"author":1,"featured_media":1441,"parent":0,"menu_order":0,"comment_status":"closed","ping_status":"closed","template":"","meta":{"_acf_changed":false,"_seopress_robots_primary_cat":"","_seopress_titles_title":"Kontakt","_seopress_titles_desc":"M\u00f6chten Sie mehr \u00fcber Hooymans Substrates erfahren oder sich zu unseren Produkten beraten lassen? \nF\u00fcllen Sie bitte das untenstehende Formular aus \u2013 dann kontaktieren wir Sie gerne!","_seopress_robots_index":"","footnotes":""},"class_list":["post-1722","page","type-page","status-publish","has-post-thumbnail","hentry"],"acf":[],"_links":{"self":[{"href":"https:\/\/hooymanssubstrates.com\/de\/wp-json\/wp\/v2\/pages\/1722","targetHints":{"allow":["GET"]}}],"collection":[{"href":"https:\/\/hooymanssubstrates.com\/de\/wp-json\/wp\/v2\/pages"}],"about":[{"href":"https:\/\/hooymanssubstrates.com\/de\/wp-json\/wp\/v2\/types\/page"}],"author":[{"embeddable":true,"href":"https:\/\/hooymanssubstrates.com\/de\/wp-json\/wp\/v2\/users\/1"}],"replies":[{"embeddable":true,"href":"https:\/\/hooymanssubstrates.com\/de\/wp-json\/wp\/v2\/comments?post=1722"}],"version-history":[{"count":6,"href":"https:\/\/hooymanssubstrates.com\/de\/wp-json\/wp\/v2\/pages\/1722\/revisions"}],"predecessor-version":[{"id":2733,"href":"https:\/\/hooymanssubstrates.com\/de\/wp-json\/wp\/v2\/pages\/1722\/revisions\/2733"}],"wp:featuredmedia":[{"embeddable":true,"href":"https:\/\/hooymanssubstrates.com\/de\/wp-json\/wp\/v2\/media\/1441"}],"wp:attachment":[{"href":"https:\/\/hooymanssubstrates.com\/de\/wp-json\/wp\/v2\/media?parent=1722"}],"curies":[{"name":"wp","href":"https:\/\/api.w.org\/{rel}","templated":true}]}}