{"id":2369,"date":"2021-04-02T05:52:37","date_gmt":"2021-04-02T04:52:37","guid":{"rendered":"https:\/\/hooymanssubstrates.com\/datenschutzerklaerung\/"},"modified":"2023-05-04T11:20:01","modified_gmt":"2023-05-04T10:20:01","slug":"datenschutzerklaerung","status":"publish","type":"page","link":"https:\/\/hooymanssubstrates.com\/de\/datenschutzerklaerung\/","title":{"rendered":"Datenschutzerkl\u00e4rung"},"content":{"rendered":"\n<h2 class=\"wp-block-heading\">Wer wir sind<\/h2>\n\n<p><strong class=\"privacy-policy-tutorial\"><br\/>Vorgeschlagener Text:<\/strong> Unsere Website-Adresse lautet: https:\/\/hooymanssubstrates.com.<\/p>\n\n<h2 class=\"wp-block-heading\" id=\"tw-target-text\">Kommentare<\/h2>\n\n<p><strong class=\"privacy-policy-tutorial\"><br\/>Vorgeschlagener Text:<\/strong> Wenn Besucher Kommentare auf der Website hinterlassen, erfassen wir die im Kommentarformular angezeigten Daten, die IP-Adresse des Besuchers und die Zeichenfolge des Browser-Benutzeragenten, um die Spam-Erkennung zu unterst\u00fctzen.<\/p>\n\n<p id=\"tw-target-text\">Eine anonymisierte Zeichenfolge, die aus Ihrer E-Mail-Adresse erstellt wird (als Hash bezeichnet), kann dem Gravatar-Dienst zur Verf\u00fcgung gestellt werden, um zu sehen, ob Sie ihn verwenden. Die Datenschutzerkl\u00e4rung des Gravatar-Dienstes finden Sie hier: https:\/\/automattic.com\/privacy\/. Nach Freigabe Ihres Kommentars wird Ihr Profilbild \u00f6ffentlich im Kontext Ihres Kommentars sichtbar.<\/p>\n\n<h2 class=\"wp-block-heading\">Medien<\/h2>\n\n<p><strong class=\"privacy-policy-tutorial\">Vorgeschlagener Text:<\/strong> Wenn Sie Bilder auf die Website hochladen, sollten Sie das Hochladen von Bildern mit eingebetteten Standortdaten (EXIF GPS) vermeiden. Besucher der Website k\u00f6nnen Standortdaten aus Bildern auf der Website herunterladen und extrahieren.<\/p>\n\n<h2 class=\"wp-block-heading\">Cookies<\/h2>\n\n<p><strong class=\"privacy-policy-tutorial\">Vorgeschlagener Text:<\/strong> Wenn Sie einen Kommentar auf unserer Website hinterlassen, k\u00f6nnen Sie festlegen, dass Ihr Name, Ihre E-Mail-Adresse und Ihre Website in Cookies gespeichert werden. Diese dienen Ihrer Bequemlichkeit, damit Sie Ihre Daten nicht erneut eingeben m\u00fcssen, wenn Sie einen Kommentar hinterlassen. Diese Cookies sind ein Jahr g\u00fcltig.<\/p>\n\n<p>Wenn Sie unsere Anmeldeseite besuchen, platzieren wir ein tempor\u00e4res Cookie, um festzustellen, ob Ihr Browser Cookies akzeptiert. Dieses Cookie enth\u00e4lt keine personenbezogenen Daten und wird gel\u00f6scht, wenn Sie Ihren Browser schlie\u00dfen.<\/p>\n\n<p>Wenn Sie sich anmelden, platzieren wir auch einige Cookies, um Ihre Anmeldedaten und Ihre Bildschirmanzeigeoptionen zu speichern. Login-Cookies dauern zwei Tage und Cookies f\u00fcr Bildschirmoptionen ein Jahr. Wenn Sie \u201eRemember Me\u201c ausw\u00e4hlen, wird Ihr Login zwei Wochen lang gespeichert. Wenn Sie sich von Ihrem Konto abmelden, werden die Login-Cookies gel\u00f6scht.<\/p>\n\n<p>Wenn Sie einen Artikel bearbeiten oder ver\u00f6ffentlichen, wird ein zus\u00e4tzlicher Cookie in Ihrem Browser gespeichert. Dieses Cookie enth\u00e4lt keine personenbezogenen Daten und zeigt nur die Beitrags-ID des Artikels an, den Sie gerade bearbeitet haben. Es verf\u00e4llt nach 1 Tag.<\/p>\n\n<h2 class=\"wp-block-heading\">Eingebettete Inhalte von anderen Websites<\/h2>\n\n<p><strong class=\"privacy-policy-tutorial\">Vorgeschlagener Text<\/strong>: Artikel auf dieser Website k\u00f6nnen eingebettete Inhalte enthalten (z. B. Videos, Bilder, Artikel usw.). Eingebettete Inhalte von anderen Websites verhalten sich genau so, als ob der Besucher die andere Website besucht h\u00e4tte.<\/p>\n\n<p>Diese Websites k\u00f6nnen Daten \u00fcber Sie sammeln, Cookies verwenden, Tracking von Drittanbietern einbetten und Ihre Interaktion mit diesen eingebetteten Inhalten \u00fcberwachen, einschlie\u00dflich der \u00dcberwachung Ihrer Interaktion mit den eingebetteten Inhalten, wenn Sie ein Konto haben und auf dieser Website angemeldet sind.<\/p>\n\n<h2 class=\"wp-block-heading\">Mit wem wir Ihre Daten teilen<\/h2>\n\n<p><strong class=\"privacy-policy-tutorial\">Vorgeschlagener Text:<\/strong> Wenn Sie ein Zur\u00fccksetzen des Passworts anfordern, wird Ihre IP-Adresse in der E-Mail zum Zur\u00fccksetzen enthalten sein.<\/p>\n\n<h2 class=\"wp-block-heading\">Wie lange wir Ihre Daten aufbewahren<\/h2>\n\n<p><strong class=\"privacy-policy-tutorial\">Vorgeschlagener Text:<\/strong> Wenn Sie einen Kommentar hinterlassen, werden der Kommentar und die zugeh\u00f6rigen Metadaten auf unbestimmte Zeit gespeichert. Auf diese Weise k\u00f6nnen wir Folgekommentare automatisch erkennen und genehmigen, anstatt sie in einer Moderationswarteschlange festzuhalten.<\/p>\n\n<p>F\u00fcr Benutzer, die sich auf unserer Website registrieren (falls zutreffend), speichern wir auch die pers\u00f6nlichen Informationen, die sie in ihrem Benutzerprofil angeben. Alle Benutzer k\u00f6nnen ihre pers\u00f6nlichen Daten jederzeit anzeigen, bearbeiten oder l\u00f6schen (au\u00dfer sie k\u00f6nnen ihren Benutzernamen nicht \u00e4ndern). Website-Administratoren k\u00f6nnen diese Informationen auch anzeigen und bearbeiten.<\/p>\n\n<h2 class=\"wp-block-heading\">Welche Rechte Sie an Ihren Daten haben<\/h2>\n\n<p><strong class=\"privacy-policy-tutorial\">Vorgeschlagener Text:<\/strong> Wenn Sie ein Konto auf dieser Website haben oder Kommentare hinterlassen haben, k\u00f6nnen Sie eine Exportdatei der personenbezogenen Daten anfordern, die wir \u00fcber Sie gespeichert haben, einschlie\u00dflich aller Daten, die Sie uns zur Verf\u00fcgung gestellt haben. Sie k\u00f6nnen auch verlangen, dass wir alle personenbezogenen Daten l\u00f6schen, die wir \u00fcber Sie gespeichert haben. Dies umfasst keine Daten, die wir f\u00fcr administrative, rechtliche oder Sicherheitszwecke aufbewahren m\u00fcssen.<\/p>\n\n<h2 class=\"wp-block-heading\">Wohin wir Ihre Daten senden<\/h2>\n\n<p><strong class=\"privacy-policy-tutorial\">Vorgeschlagener Text:<\/strong> Besucherkommentare k\u00f6nnten von einem automatisierten Dienst zur Spam-Erkennung \u00fcberpr\u00fcft werden.<\/p>\n","protected":false},"excerpt":{"rendered":"<p>Wer wir sind Vorgeschlagener Text: Unsere Website-Adresse lautet: https:\/\/hooymanssubstrates.com. Kommentare Vorgeschlagener Text: Wenn Besucher Kommentare auf der Website hinterlassen, erfassen wir die im Kommentarformular angezeigten Daten, die IP-Adresse des Besuchers und die Zeichenfolge des Browser-Benutzeragenten, um die Spam-Erkennung zu unterst\u00fctzen. Eine anonymisierte Zeichenfolge, die aus Ihrer E-Mail-Adresse erstellt wird (als Hash bezeichnet), kann dem Gravatar-Dienst [&hellip;]<\/p>\n","protected":false},"author":1,"featured_media":0,"parent":0,"menu_order":0,"comment_status":"closed","ping_status":"open","template":"","meta":{"_acf_changed":false,"_seopress_robots_primary_cat":"","_seopress_titles_title":"","_seopress_titles_desc":"","_seopress_robots_index":"","_seopress_analysis_target_kw":"","footnotes":""},"class_list":["post-2369","page","type-page","status-publish","hentry"],"acf":[],"_links":{"self":[{"href":"https:\/\/hooymanssubstrates.com\/de\/wp-json\/wp\/v2\/pages\/2369","targetHints":{"allow":["GET"]}}],"collection":[{"href":"https:\/\/hooymanssubstrates.com\/de\/wp-json\/wp\/v2\/pages"}],"about":[{"href":"https:\/\/hooymanssubstrates.com\/de\/wp-json\/wp\/v2\/types\/page"}],"author":[{"embeddable":true,"href":"https:\/\/hooymanssubstrates.com\/de\/wp-json\/wp\/v2\/users\/1"}],"replies":[{"embeddable":true,"href":"https:\/\/hooymanssubstrates.com\/de\/wp-json\/wp\/v2\/comments?post=2369"}],"version-history":[{"count":5,"href":"https:\/\/hooymanssubstrates.com\/de\/wp-json\/wp\/v2\/pages\/2369\/revisions"}],"predecessor-version":[{"id":2383,"href":"https:\/\/hooymanssubstrates.com\/de\/wp-json\/wp\/v2\/pages\/2369\/revisions\/2383"}],"wp:attachment":[{"href":"https:\/\/hooymanssubstrates.com\/de\/wp-json\/wp\/v2\/media?parent=2369"}],"curies":[{"name":"wp","href":"https:\/\/api.w.org\/{rel}","templated":true}]}}