{"id":2376,"date":"2021-04-02T11:33:31","date_gmt":"2021-04-02T10:33:31","guid":{"rendered":"https:\/\/hooymanssubstrates.com\/geschaeftsbedingungen\/"},"modified":"2023-05-04T11:07:27","modified_gmt":"2023-05-04T10:07:27","slug":"geschaeftsbedingungen","status":"publish","type":"page","link":"https:\/\/hooymanssubstrates.com\/de\/geschaeftsbedingungen\/","title":{"rendered":"Gesch\u00e4ftsbedingungen"},"content":{"rendered":"\n<p> <strong><em>ALLGEMEINE LIEFERBEDINGUNGEN <\/em><\/strong><\/p>\n\n<p><strong><em>Hinterlegt bei der Industrie- und Handelskammer Rivierenland in Tiel unter der Nummer: 11031688 <\/em><\/strong><\/p>\n\n<p><strong>1. Definitionen und allgemeine Bestimmungen <\/strong><\/p>\n\n<p>1.1. Diese Gesch\u00e4ftsbedingungen sind Bestandteil aller von Hooymans abgeschlossenen Liefervertr\u00e4ge und aller von Hooymans erstellten Angebote. <\/p>\n\n<p>1.2. Hooymans ist das Privatunternehmen Hooijmans Compost B.V. in Kerkdriel und seinen Betriebsgesellschaften, die von diesen Bedingungen Gebrauch machen. <\/p>\n\n<p>1.3. Der \u201cKunde\u201c ist die Person, die einen Vertrag mit Hooymans abschlie\u00dft oder abschlie\u00dfen m\u00f6chte. <\/p>\n\n<p>1.4. Einer schriftlichen Niederschrift ist eine Niederschrift per E-Mail und per Telefax gleichgestellt. <\/p>\n\n<p>1.5. Von Hooymans herausgegebene Drucksachen sind f\u00fcr Hooymans nicht bindend. <\/p>\n\n<p><strong>2. Zitate <\/strong><\/p>\n\n<p>2.1. Angebote von Hooymans sind unverbindlich. <\/p>\n\n<p>2.2. Alles, was mit den Angeboten bereitgestellt wird, bleibt Eigentum von Hooymans und darf nicht vervielf\u00e4ltigt oder Dritten zur Einsichtnahme zug\u00e4nglich gemacht werden. <\/p>\n\n<p>2.3. Von Hooymans zur Verf\u00fcgung gestellte Muster sind unverbindlich. <\/p>\n\n<p><strong>3. Vertragsabschluss <\/strong><\/p>\n\n<p>3.1. Ein Vertrag zwischen Hooymans und dem Kunden kommt nur zustande, wenn Hooymans dies schriftlich best\u00e4tigt oder wenn Hooymans dem Vertrag nachkommt. <\/p>\n\n<p>3.2. Wenn kein Angebot erstellt wurde, gilt die Hooymans-Rechnung als Auftragsbest\u00e4tigung. <\/p>\n\n<p>3.3. Hooymans kann den Kunden jederzeit bitten, eine Sicherheit f\u00fcr die Vertragserf\u00fcllung zu leisten. Solange die angeforderte Sicherheit nicht geleistet wurde, kann Hooymans jegliche Leistung aussetzen. <\/p>\n\n<p>3.4. \u00c4nderungen abgeschlossener Vereinbarungen gelten nur, wenn sie schriftlich niedergelegt sind. <\/p>\n\n<p><strong>4. Lieferung <\/strong><\/p>\n\n<p>4.1. Wenn der Kunde die Annahme der zu liefernden Waren verweigert, kann Hooymans den Vertrag sofort aufl\u00f6sen, wodurch Hooymans Anspruch auf Ersatz seines gesamten Schadens hat. <\/p>\n\n<p>4.2. Das Risiko f\u00fcr Besch\u00e4digung, Verlust oder Verlust der Ware tr\u00e4gt der Kunde nach Lieferung. <\/p>\n\n<p>4.3. Kann Hooymans nicht (vollst\u00e4ndig) nachkommen, weil eine gesetzliche Vorschrift dies unm\u00f6glich macht, haftet Hooymans nicht f\u00fcr die daraus entstehenden Folgen. <\/p>\n\n<p>4.4. Wenn der K\u00e4ufer den Wunsch \u00e4u\u00dfert, eine vereinbarte Lieferung zu stornieren, kann Hooymans dem unter bestimmten Umst\u00e4nden zustimmen. Der R\u00fccktrittswunsch muss dann schriftlich oder per E-Mail mitgeteilt werden. Stimmt Hooymans zu, verzichtet Hooymans dadurch nicht auf den vereinbarten Betrag. \u00c4u\u00dfert der Kunde den Stornierungswunsch weniger als eine Woche vor dem geplanten Liefertermin, schuldet der Kunde mindestens 60 % des vereinbarten Betrags. <\/p>\n\n<p>4.5. Wenn das Volumen cq. das Gewicht der gelieferten Ware um weniger als 20 % von der Vereinbarung abweicht, hat Hooymans seine Verpflichtungen erf\u00fcllt, wobei der Rechnungsbetrag auf der Grundlage der tats\u00e4chlich gelieferten Menge bestimmt wird. <\/p>\n\n<p><strong>5. Preise <\/strong><\/p>\n\n<p>5.1. Die von Hooymans angegebenen Preise verstehen sich in Euro und exklusive Mehrwertsteuer, Abgaben, Einfuhrz\u00f6lle, Steuern, Verpackungskosten und Transportkosten, sofern nicht ausdr\u00fccklich das Gegenteil angegeben ist. <\/p>\n\n<p>5.2. Bei tagesfrischer Ware gilt der Preis des Liefertages. <\/p>\n\n<p>5.3. Hooymans kann Preis\u00e4nderungen vornehmen. Der Kunde kann den Vertrag im Falle einer Preiserh\u00f6hung von mehr als 10 % k\u00fcndigen. W\u00fcnscht der Kunde daraufhin eine K\u00fcndigung, muss er dies innerhalb von vierundzwanzig Stunden, nachdem ihm die Preis\u00e4nderung h\u00e4tte bekannt werden k\u00f6nnen, mitteilen. <\/p>\n\n<p><strong>6. Reklamationen, Untersuchungspflicht des Kunden <\/strong><\/p>\n\n<p>6.1. Der Kunde hat die gelieferte Ware auf erkennbare M\u00e4ngel zu pr\u00fcfen. Werden M\u00e4ngel festgestellt, m\u00fcssen diese Hooymans innerhalb von sechs Stunden nach Lieferung schriftlich gemeldet werden. Bei Waren mit einer Haltbarkeit von weniger als sieben Tagen muss diese Mitteilung innerhalb einer Stunde nach Lieferung erfolgen. In jedem Fall hat der Kunde unverz\u00fcglich nach der Lieferung zu pr\u00fcfen, ob die richtige Ware geliefert wurde, die richtige Anzahl geliefert wurde und die gelieferte Ware den an sie gestellten Anforderungen entspricht. <\/p>\n\n<p>6.2. M\u00e4ngel, die nicht sofort festgestellt werden k\u00f6nnen, m\u00fcssen Hooymans innerhalb von 24 Stunden nach Entdeckung schriftlich gemeldet werden. <\/p>\n\n<p>6.3. Jegliches Reklamationsrecht erlischt nach einer Frist von einem Monat nach Lieferung durch Hooymans. <\/p>\n\n<p>6.4. Bei jeder M\u00e4ngelr\u00fcge ist der Mangel eindeutig zu beschreiben. <\/p>\n\n<p>6.5. M\u00e4ngel eines Teils der gelieferten Ware k\u00f6nnen nicht zu a <\/p>\n\n<p>Ablehnung der gesamten Partei. <\/p>\n\n<p>6.6. Die beanstandete Ware ist vom Kunden einzureichen <\/p>\n\n<p>sorgf\u00e4ltig erhalten, damit Hooymans kann <\/p>\n\n<p>forschen. <\/p>\n\n<p>6.7. Eine Reklamation f\u00fchrt nicht zu einem Recht auf Zahlungsaufschub f\u00fcr die <\/p>\n\n<p>gelieferten Waren, es sei denn, der K\u00e4ufer ist Verbraucher. Auch die Verpflichtung dazu <\/p>\n\n<p>R\u00fcckgang der Auftragseing\u00e4nge besteht weiterhin. <\/p>\n\n<p>6.8. Waren k\u00f6nnen nur nach vorheriger schriftlicher Zustimmung von Hooymans geliefert werden <\/p>\n\n<p>werden zur\u00fcckgegeben. <\/p>\n\n<p><strong>7. Haftung und Schadensersatz <\/strong><\/p>\n\n<p>7.1. Hooymans haftet nicht f\u00fcr Sch\u00e4den, die dem Kunden entstehen, es sei denn, diese sind auf Vorsatz oder grobe Fahrl\u00e4ssigkeit von Hooymans zur\u00fcckzuf\u00fchren. <\/p>\n\n<p>7.2. Der Ersatz des dem Kunden entstandenen Schadens ist in jedem Fall begrenzt <\/p>\n\n<p>bis zu dem Betrag, den die Haftpflichtversicherung an Hooymans auszahlt. Der <\/p>\n\n<p>Der Schadensersatz ist ebenfalls auf den Rechnungsbetrag f\u00fcr die <\/p>\n\n<p>entsprechenden Charge, mit einem absoluten Maximum von 10.000,00 \u20ac. <\/p>\n\n<p>7.3. Hooymans haftet nicht f\u00fcr Folgesch\u00e4den des Kunden, wie z <\/p>\n\n<p>entgangener Gewinn, Stagnationsschaden, entgangener Gewinn, es sei denn, der Kunde <\/p>\n\n<p>Verbraucher. Dazu geh\u00f6ren auch Sch\u00e4den durch Kontamination mit Bakterien, <\/p>\n\n<p>Viren, Krankheiten, Schadstoffe, Pestizide wachsen <\/p>\n\n<p>keimhemmende Stoffe und Wuchsstoffe. <\/p>\n\n<p>7.4. Der Kunde stellt Hooymans von allen Anspr\u00fcchen Dritter frei. <\/p>\n\n<p><strong>8. H\u00f6here Gewalt <\/strong><\/p>\n\n<p>8.1. Hooymans haftet nicht f\u00fcr Sch\u00e4den, die auf h\u00f6here Gewalt zur\u00fcckzuf\u00fchren sind. <\/p>\n\n<p>8.2. H\u00f6here Gewalt ist eine Situation, in der die (p\u00fcnktliche) Erf\u00fcllung durch Hooymans aufgrund einer Ursache unm\u00f6glich ist, auf die Hooymans keinen Einfluss hat und die Hooymans nicht vorhersehen konnte. Darunter sind in jedem Fall Krieg, Mobilmachung, Unruhen, \u00dcberschwemmungen, (teilweise) Einstellung der Versorgung durch Versorgungsunternehmen, Treibstoffmangel, Feuer, Maschinenausfall, Unf\u00e4lle, Fehlfunktionen von Ausr\u00fcstung und\/oder Software, Streiks innerhalb oder au\u00dferhalb von Hooymans, allgemeiner Mangel an (guten) Rohstoffen, staatliche Ma\u00dfnahmen, allgemeine Transportprobleme einschlie\u00dflich witterungsbedingter Verkehrsstaus. <\/p>\n\n<p>8.3. Wenn die h\u00f6here Gewalt l\u00e4nger als zwei Monate andauert, sind beide Parteien berechtigt, den Vertrag aufzul\u00f6sen, ohne dass in diesem Fall eine Schadensersatzpflicht besteht. <\/p>\n\n<p>8.4. Kann Hooymans aufgrund h\u00f6herer Gewalt zu irgendeinem Zeitpunkt nur geringere Mengen als vereinbart liefern, ist der Kunde verpflichtet, diese geringeren Mengen abzunehmen. Wenn infolge h\u00f6herer Gewalt 70 % oder weniger der vereinbarten Menge f\u00fcr einen Zeitraum von sechs Monaten geliefert werden, sind beide Parteien berechtigt, den Vertrag aufzul\u00f6sen, ohne dass in diesem Fall eine Schadensersatzpflicht besteht. Gleiches gilt, wenn innerhalb von vier Monaten 50 % oder weniger der vereinbarten Menge geliefert werden. <\/p>\n\n<p>8.5. Wenn Hooymans seine Verpflichtungen bei Eintritt der h\u00f6heren Gewalt bereits teilweise erf\u00fcllt hat, ist der Kunde verpflichtet, diese Erf\u00fcllung anteilig zu bezahlen. <\/p>\n\n<p>8.6. Ist der K\u00e4ufer Verbraucher, kann er sofort nach Eintritt der h\u00f6heren Gewalt k\u00fcndigen. <\/p>\n\n<p><strong>9. Eigentumsvorbehalt <\/strong><\/p>\n\n<p>9.1 Hooymans bleibt Eigent\u00fcmer der von ihr gelieferten Waren, bis der Kunde alle Verpflichtungen gegen\u00fcber Hooymans (einschlie\u00dflich Verpflichtungen aus anderen Lieferungen) erf\u00fcllt hat. Bis dahin hat der K\u00e4ufer die von Hooymans gelieferten Waren so aufzubewahren, dass sie leicht als Eigentum von Hooymans identifiziert werden k\u00f6nnen. Vorbehaltsware ist vom Kunden ausreichend zu versichern. Kommt der Kunde diesen Verpflichtungen nicht nach, kann Hooymans die Ware sofort vom Kunden fordern. <\/p>\n\n<p>9.2. Der Kunde darf die Vorbehaltsware nicht ver\u00e4u\u00dfern oder verarbeiten, es sei denn, es handelt sich um einen gew\u00f6hnlichen Gesch\u00e4ftsbetrieb. Der Kunde darf die Ware nicht belasten. <\/p>\n\n<p>9.3. Erlischt der Eigentumsvorbehalt, weil die gelieferte Ware verarbeitet wurde, ist der K\u00e4ufer verpflichtet, die neu entstandene Ware (einschlie\u00dflich der Ernte) auf erstes Anfordern von Hooymans an Hooymans zu verpf\u00e4nden. <\/p>\n\n<p><strong>10. Zahlung und Abholung <\/strong><\/p>\n\n<p>10.1 Die Zahlungsfrist f\u00fcr Rechnungen von Hooymans betr\u00e4gt 8 Tage nach Rechnungsdatum. Erfolgt die Zahlung nicht innerhalb dieser Frist, ger\u00e4t der Kunde sofort in Verzug. <\/p>\n\n<p>10.2 Ab dem Tag der F\u00e4lligkeit der Rechnung werden Verzugszinsen in H\u00f6he von 1,5 % pro Monat berechnet. Ein Werbeaufruf verk\u00fcrzt die Zahlungspflicht nicht. <\/p>\n\n<p>10.3 Im Falle der Liquidation, des Konkurses oder der Zahlungseinstellung des Kunden werden alle von Hooymans in Rechnung gestellten Betr\u00e4ge sofort f\u00e4llig und zahlbar. <\/p>\n\n<p>10.4 Skonto, Verrechnung oder Aufrechnung sind nicht m\u00f6glich, es sei denn, der Kunde ist Verbraucher. <\/p>\n\n<p>10.5 Zeitpunkt der Zahlung ist der Zeitpunkt, zu dem ein Betrag dem Konto von Hooymans gutgeschrieben wird. <\/p>\n\n<p>10.6 \u00dcbergibt Hooymans nach Verzug des Kunden seine Forderung zum Inkasso, gehen alle Inkassokosten zu Lasten des Kunden. Die au\u00dfergerichtlichen Inkassokosten betragen mindestens 15 % des ausstehenden Betrags, mit einem absoluten Minimum von \u20ac 150,00. <\/p>\n\n<p>10.7 Die Forderungen von Hooymans gegen den Kunden werden sofort f\u00e4llig und zahlbar, wenn Hooymans berechtigten Grund zu der Annahme hat, dass der Kunde seinen Verpflichtungen nicht nachkommen wird oder dass sich eine gestellte Sicherheit als unzureichend erweist.Wenn einer dieser F\u00e4lle eintritt, ist Hooymans ebenfalls berechtigt die weitere Leistung auszusetzen, bis sicher ist, dass die Zahlung f\u00fcr diese Leistung erfolgen wird, unbeschadet des Rechts von Hooymans, Schadensersatz zu verlangen. <\/p>\n\n<p><strong>11. K\u00fcndigung und Suspendierung <\/strong><\/p>\n\n<p>11.1 Wenn der Kunde eine Vereinbarung nicht ordnungsgem\u00e4\u00df erf\u00fcllt, kann Hooymans jegliche Erf\u00fcllung aussetzen, wobei Hooymans auch Schadensersatz und\/oder Aufl\u00f6sung der Vereinbarung verlangen kann. <\/p>\n\n<p><strong>12. Anwendbares Recht und zust\u00e4ndiges Gericht <\/strong><\/p>\n\n<p>12.1 Auf alle Vereinbarungen zwischen den Parteien findet ausschlie\u00dflich niederl\u00e4ndisches Recht Anwendung. <\/p>\n\n<p>12.2 Nur das Gericht in Arnheim ist befugt, Streitigkeiten zur Kenntnis zu nehmen <\/p>\n\n<p>zwischen den Parteien, soweit nicht zwingende gesetzliche Bestimmungen entgegenstehen <\/p>\n\n<p>aufschieben. Hooymans kann beschlie\u00dfen, die Streitigkeit einem Gericht vorzulegen <\/p>\n\n<p>zust\u00e4ndiger Gerichtshof. <\/p>\n\n<p><strong>13. Teilnichtigkeit <\/strong><\/p>\n\n<p>13.1 Wenn eine oder mehrere Bestimmungen der von Hooymans <\/p>\n\n<p>sich beim Kunden als nicht oder nicht vollumf\u00e4nglich rechtswirksam erweisen w\u00fcrde, die <\/p>\n\n<p>sonstige Bestimmungen vollst\u00e4ndig. Anstelle der evtl. ung\u00fcltigen <\/p>\n\n<p>Bestimmungen gilt eine angemessene Regelung, die dem Willen der Parteien und deren Geltung entspricht <\/p>\n\n<p>von ihnen verfolgten wirtschaftlichen Ergebnis in rechtswirksamer Weise so weit wie m\u00f6glich <\/p>\n\n<p>m\u00f6gliche Ans\u00e4tze. <\/p>\n","protected":false},"excerpt":{"rendered":"<p>ALLGEMEINE LIEFERBEDINGUNGEN Hinterlegt bei der Industrie- und Handelskammer Rivierenland in Tiel unter der Nummer: 11031688 1. Definitionen und allgemeine Bestimmungen 1.1. Diese Gesch\u00e4ftsbedingungen sind Bestandteil aller von Hooymans abgeschlossenen Liefervertr\u00e4ge und aller von Hooymans erstellten Angebote. 1.2. Hooymans ist das Privatunternehmen Hooijmans Compost B.V. in Kerkdriel und seinen Betriebsgesellschaften, die von diesen Bedingungen Gebrauch machen. [&hellip;]<\/p>\n","protected":false},"author":1,"featured_media":0,"parent":0,"menu_order":0,"comment_status":"closed","ping_status":"closed","template":"","meta":{"_acf_changed":false,"_seopress_robots_primary_cat":"","_seopress_titles_title":"","_seopress_titles_desc":"","_seopress_robots_index":"","footnotes":""},"class_list":["post-2376","page","type-page","status-publish","hentry"],"acf":[],"_links":{"self":[{"href":"https:\/\/hooymanssubstrates.com\/de\/wp-json\/wp\/v2\/pages\/2376","targetHints":{"allow":["GET"]}}],"collection":[{"href":"https:\/\/hooymanssubstrates.com\/de\/wp-json\/wp\/v2\/pages"}],"about":[{"href":"https:\/\/hooymanssubstrates.com\/de\/wp-json\/wp\/v2\/types\/page"}],"author":[{"embeddable":true,"href":"https:\/\/hooymanssubstrates.com\/de\/wp-json\/wp\/v2\/users\/1"}],"replies":[{"embeddable":true,"href":"https:\/\/hooymanssubstrates.com\/de\/wp-json\/wp\/v2\/comments?post=2376"}],"version-history":[{"count":1,"href":"https:\/\/hooymanssubstrates.com\/de\/wp-json\/wp\/v2\/pages\/2376\/revisions"}],"predecessor-version":[{"id":2377,"href":"https:\/\/hooymanssubstrates.com\/de\/wp-json\/wp\/v2\/pages\/2376\/revisions\/2377"}],"wp:attachment":[{"href":"https:\/\/hooymanssubstrates.com\/de\/wp-json\/wp\/v2\/media?parent=2376"}],"curies":[{"name":"wp","href":"https:\/\/api.w.org\/{rel}","templated":true}]}}