{"id":691,"date":"2021-04-02T07:19:20","date_gmt":"2021-04-02T06:19:20","guid":{"rendered":"https:\/\/hooymanssubstrates.com\/home\/"},"modified":"2023-05-04T09:20:59","modified_gmt":"2023-05-04T08:20:59","slug":"home","status":"publish","type":"page","link":"https:\/\/hooymanssubstrates.com\/de\/","title":{"rendered":"HEIM"},"content":{"rendered":"\n<h3 class=\"has-text-align-center wp-block-heading\">FROM <strong>NATURE<\/strong> TO <strong>NATURE<\/strong><\/h3>\n\n\n\n<p class=\"has-text-align-center\">Bereits seit 1989 produziert Hooymans Substrates hochwertiges Champignonsubstrat. Von Generation zu Generation, from nature to nature, stellen wir dieses Produkt mit Leidenschaft her. Nur das beste Substrat f\u00fchrt zu einem perfekten Endprodukt, auf das unsere Pilzz\u00fcchter so stolz sind. Der Champignon ist ein vielseitiges und gesundes Produkt, das in vielen Formen und Geschmacksrichtungen daherkommt und weltweit auf den Speisepl\u00e4nen steht.<\/p>\n\n\n\n<p class=\"has-text-align-center\">Auch neugierig, wie es hinter den Kulissen bei uns aussieht? Dann lesen Sie hier weiter.<\/p>\n\n\n\n\n\n\n<!-- featured_list -->\n<div id=\"featured-block_606ed72a6b803\" class=\"featured_list \">\n    <ul>\n                    <li>\n                <div><img decoding=\"async\" loading=\"lazy\" srcset=\"https:\/\/hooymanssubstrates.com\/wp-content\/uploads\/2021\/04\/featured_icon.png 480w, https:\/\/hooymanssubstrates.com\/wp-content\/uploads\/2021\/04\/featured_icon.png 768w, https:\/\/hooymanssubstrates.com\/wp-content\/uploads\/2021\/04\/featured_icon.png 960w, https:\/\/hooymanssubstrates.com\/wp-content\/uploads\/2021\/04\/featured_icon.png 1200w, https:\/\/hooymanssubstrates.com\/wp-content\/uploads\/2021\/04\/featured_icon.png 2000w, https:\/\/hooymanssubstrates.com\/wp-content\/uploads\/2021\/04\/featured_icon.png 3000w\" sizes=\"(max-width:479px) 480px, (min-width: 480px) and (max-width: 767px) 768px, (min-width: 768px) and (max-width: 959px) 960px, (min-width: 960px) and (max-width: 1200px) 1200px, 100vw\" src=\"https:\/\/hooymanssubstrates.com\/wp-content\/uploads\/2021\/04\/featured_icon.png\" alt=\"featured_icon\" \/><\/div>                <h5>QUALIT\u00c4T<\/h5>                <p>Wir stehen f\u00fcr Qualit\u00e4t. Unser Substrat liefert das beste und nat\u00fcrlichste Ergebnis!<\/p>\n            <\/li>\n                    <li>\n                <div><img decoding=\"async\" loading=\"lazy\" srcset=\"https:\/\/hooymanssubstrates.com\/wp-content\/uploads\/2021\/04\/featured_icon2.png 480w, https:\/\/hooymanssubstrates.com\/wp-content\/uploads\/2021\/04\/featured_icon2.png 768w, https:\/\/hooymanssubstrates.com\/wp-content\/uploads\/2021\/04\/featured_icon2.png 960w, https:\/\/hooymanssubstrates.com\/wp-content\/uploads\/2021\/04\/featured_icon2.png 1200w, https:\/\/hooymanssubstrates.com\/wp-content\/uploads\/2021\/04\/featured_icon2.png 2000w, https:\/\/hooymanssubstrates.com\/wp-content\/uploads\/2021\/04\/featured_icon2.png 3000w\" sizes=\"(max-width:479px) 480px, (min-width: 480px) and (max-width: 767px) 768px, (min-width: 768px) and (max-width: 959px) 960px, (min-width: 960px) and (max-width: 1200px) 1200px, 100vw\" src=\"https:\/\/hooymanssubstrates.com\/wp-content\/uploads\/2021\/04\/featured_icon2.png\" alt=\"featured_icon2\" \/><\/div>                <h5>INNOVATION<\/h5>                <p>Der Markt erfordert innovative L\u00f6sungen. Rohstoffe m\u00fcssen r\u00fcckverfolgbar sein, und die Produktionsst\u00e4tte muss mit einer raffinierten Anlage zur \u00dcberwachung des Prozesses ausgestattet sein.<\/p>\n            <\/li>\n                    <li>\n                <div><img decoding=\"async\" loading=\"lazy\" srcset=\"https:\/\/hooymanssubstrates.com\/wp-content\/uploads\/2021\/04\/featured_icon3.png 480w, https:\/\/hooymanssubstrates.com\/wp-content\/uploads\/2021\/04\/featured_icon3.png 768w, https:\/\/hooymanssubstrates.com\/wp-content\/uploads\/2021\/04\/featured_icon3.png 960w, https:\/\/hooymanssubstrates.com\/wp-content\/uploads\/2021\/04\/featured_icon3.png 1200w, https:\/\/hooymanssubstrates.com\/wp-content\/uploads\/2021\/04\/featured_icon3.png 2000w, https:\/\/hooymanssubstrates.com\/wp-content\/uploads\/2021\/04\/featured_icon3.png 3000w\" sizes=\"(max-width:479px) 480px, (min-width: 480px) and (max-width: 767px) 768px, (min-width: 768px) and (max-width: 959px) 960px, (min-width: 960px) and (max-width: 1200px) 1200px, 100vw\" src=\"https:\/\/hooymanssubstrates.com\/wp-content\/uploads\/2021\/04\/featured_icon3.png\" alt=\"featured_icon3\" \/><\/div>                <h5>ZIRKUL\u00c4R<\/h5>                <p>From nature to nature. Sowohl die Inhaltsstoffe als auch unser Produkt selbst sind Teil der Natur. Aus diesem Grund gehen wir sparsam damit um. Wir arbeiten zirkul\u00e4r und richten unsere Entscheidungen auch danach aus. Wir streben nach nachhaltiger Arbeit \u2013 f\u00fcr Mensch und Natur. <\/p>\n            <\/li>\n            <\/ul>\n<\/div>\n<!-- \/featured_list -->\n\n\n\n<p class=\"has-text-align-center\">Neugierig auf unsere Arbeitsweise? Mehr erfahren.<\/p>\n\n\n\n<div class=\"wp-block-buttons is-content-justification-center is-layout-flex wp-block-buttons-is-layout-flex\">\n<div class=\"wp-block-button\"><a class=\"wp-block-button__link\" href=\"https:\/\/hooymanssubstrates.com\/de\/substraten\/\">MEHR ERFAHREN<\/a><\/div>\n<\/div>\n\n\n\n\n\n\n<!-- mushrooms_block -->\n<div id=\"mushrooms-block_606ef43c38238\" class=\"mushrooms_block alignfull\">\n    <div class=\"champignon\"><span><\/span><span><\/span><\/div>\n    <h2><span>WISSEN<\/span><\/h2>    <h2>IST UNSERE <br>WICHTIGSTE<br>ZUTAT<\/h2>        <ul>\n                    <li>\n                <div class=\"animation\" data-src=\"\/wp-content\/themes\/Hooymans\/animation\/gips.json\"><\/div>                <div class=\"img\"><span>&nbsp;<\/span><img decoding=\"async\" loading=\"lazy\" srcset=\"https:\/\/hooymanssubstrates.com\/wp-content\/uploads\/2021\/04\/mushrooms_list_img.png 480w, https:\/\/hooymanssubstrates.com\/wp-content\/uploads\/2021\/04\/mushrooms_list_img.png 768w, https:\/\/hooymanssubstrates.com\/wp-content\/uploads\/2021\/04\/mushrooms_list_img.png 960w, https:\/\/hooymanssubstrates.com\/wp-content\/uploads\/2021\/04\/mushrooms_list_img.png 1200w, https:\/\/hooymanssubstrates.com\/wp-content\/uploads\/2021\/04\/mushrooms_list_img.png 2000w, https:\/\/hooymanssubstrates.com\/wp-content\/uploads\/2021\/04\/mushrooms_list_img.png 3000w\" sizes=\"(max-width:479px) 480px, (min-width: 480px) and (max-width: 767px) 768px, (min-width: 768px) and (max-width: 959px) 960px, (min-width: 960px) and (max-width: 1200px) 1200px, 100vw\" src=\"https:\/\/hooymanssubstrates.com\/wp-content\/uploads\/2021\/04\/mushrooms_list_img.png\" alt=\"mushrooms_list_img\" \/><\/div>                <h5><span>GIESSEN<\/span><\/h5>            <\/li>\n                    <li>\n                <div class=\"animation\" data-src=\"\/wp-content\/themes\/Hooymans\/animation\/paardenmest.json\"><\/div>                <div class=\"img\"><span>&nbsp;<\/span><img decoding=\"async\" loading=\"lazy\" srcset=\"https:\/\/hooymanssubstrates.com\/wp-content\/uploads\/2021\/04\/mushrooms_list_img2.png 480w, https:\/\/hooymanssubstrates.com\/wp-content\/uploads\/2021\/04\/mushrooms_list_img2.png 768w, https:\/\/hooymanssubstrates.com\/wp-content\/uploads\/2021\/04\/mushrooms_list_img2.png 960w, https:\/\/hooymanssubstrates.com\/wp-content\/uploads\/2021\/04\/mushrooms_list_img2.png 1200w, https:\/\/hooymanssubstrates.com\/wp-content\/uploads\/2021\/04\/mushrooms_list_img2.png 2000w, https:\/\/hooymanssubstrates.com\/wp-content\/uploads\/2021\/04\/mushrooms_list_img2.png 3000w\" sizes=\"(max-width:479px) 480px, (min-width: 480px) and (max-width: 767px) 768px, (min-width: 768px) and (max-width: 959px) 960px, (min-width: 960px) and (max-width: 1200px) 1200px, 100vw\" src=\"https:\/\/hooymanssubstrates.com\/wp-content\/uploads\/2021\/04\/mushrooms_list_img2.png\" alt=\"mushrooms_list_img2\" \/><\/div>                <h5><span>PFERDEMIST<\/span><\/h5>            <\/li>\n                    <li>\n                <div class=\"animation\" data-src=\"\/wp-content\/themes\/Hooymans\/animation\/Stro.json\"><\/div>                <div class=\"img\"><span>&nbsp;<\/span><img decoding=\"async\" loading=\"lazy\" srcset=\"https:\/\/hooymanssubstrates.com\/wp-content\/uploads\/2021\/04\/mushrooms_list_img3.png 480w, https:\/\/hooymanssubstrates.com\/wp-content\/uploads\/2021\/04\/mushrooms_list_img3.png 768w, https:\/\/hooymanssubstrates.com\/wp-content\/uploads\/2021\/04\/mushrooms_list_img3.png 960w, https:\/\/hooymanssubstrates.com\/wp-content\/uploads\/2021\/04\/mushrooms_list_img3.png 1200w, https:\/\/hooymanssubstrates.com\/wp-content\/uploads\/2021\/04\/mushrooms_list_img3.png 2000w, https:\/\/hooymanssubstrates.com\/wp-content\/uploads\/2021\/04\/mushrooms_list_img3.png 3000w\" sizes=\"(max-width:479px) 480px, (min-width: 480px) and (max-width: 767px) 768px, (min-width: 768px) and (max-width: 959px) 960px, (min-width: 960px) and (max-width: 1200px) 1200px, 100vw\" src=\"https:\/\/hooymanssubstrates.com\/wp-content\/uploads\/2021\/04\/mushrooms_list_img3.png\" alt=\"mushrooms_list_img3\" \/><\/div>                <h5><span>STROH<\/span><\/h5>            <\/li>\n                    <li>\n                <div class=\"animation\" data-src=\"\/wp-content\/themes\/Hooymans\/animation\/Kuikenmest.json\"><\/div>                <div class=\"img\"><span>&nbsp;<\/span><img decoding=\"async\" loading=\"lazy\" srcset=\"https:\/\/hooymanssubstrates.com\/wp-content\/uploads\/2021\/04\/mushrooms_list_img4.png 480w, https:\/\/hooymanssubstrates.com\/wp-content\/uploads\/2021\/04\/mushrooms_list_img4.png 768w, https:\/\/hooymanssubstrates.com\/wp-content\/uploads\/2021\/04\/mushrooms_list_img4.png 960w, https:\/\/hooymanssubstrates.com\/wp-content\/uploads\/2021\/04\/mushrooms_list_img4.png 1200w, https:\/\/hooymanssubstrates.com\/wp-content\/uploads\/2021\/04\/mushrooms_list_img4.png 2000w, https:\/\/hooymanssubstrates.com\/wp-content\/uploads\/2021\/04\/mushrooms_list_img4.png 3000w\" sizes=\"(max-width:479px) 480px, (min-width: 480px) and (max-width: 767px) 768px, (min-width: 768px) and (max-width: 959px) 960px, (min-width: 960px) and (max-width: 1200px) 1200px, 100vw\" src=\"https:\/\/hooymanssubstrates.com\/wp-content\/uploads\/2021\/04\/mushrooms_list_img4.png\" alt=\"mushrooms_list_img4\" \/><\/div>                <h5><span>K\u00dcKENMIST<\/span><\/h5>            <\/li>\n                    <li>\n                <div class=\"animation\" data-src=\"\/wp-content\/themes\/Hooymans\/animation\/water.json\"><\/div>                <div class=\"img\"><span>&nbsp;<\/span><img decoding=\"async\" loading=\"lazy\" srcset=\"https:\/\/hooymanssubstrates.com\/wp-content\/uploads\/2021\/04\/mushrooms_list_img5.png 480w, https:\/\/hooymanssubstrates.com\/wp-content\/uploads\/2021\/04\/mushrooms_list_img5.png 768w, https:\/\/hooymanssubstrates.com\/wp-content\/uploads\/2021\/04\/mushrooms_list_img5.png 960w, https:\/\/hooymanssubstrates.com\/wp-content\/uploads\/2021\/04\/mushrooms_list_img5.png 1200w, https:\/\/hooymanssubstrates.com\/wp-content\/uploads\/2021\/04\/mushrooms_list_img5.png 2000w, https:\/\/hooymanssubstrates.com\/wp-content\/uploads\/2021\/04\/mushrooms_list_img5.png 3000w\" sizes=\"(max-width:479px) 480px, (min-width: 480px) and (max-width: 767px) 768px, (min-width: 768px) and (max-width: 959px) 960px, (min-width: 960px) and (max-width: 1200px) 1200px, 100vw\" src=\"https:\/\/hooymanssubstrates.com\/wp-content\/uploads\/2021\/04\/mushrooms_list_img5.png\" alt=\"mushrooms_list_img5\" \/><\/div>                <h5><span>WASSER<\/span><\/h5>            <\/li>\n            <\/ul>\n    <\/div>\n<!-- \/mushrooms_block -->\n\n\n\n\n\n\n<!-- slider_info -->\n<div id=\"slider-info-block_6070078cb2e99\" class=\"slider_info alignfull\">\n    <div class=\"wrapper\"><div class=\"info_block\"><h5>Die Geschichte von Hooymans<br \/>\n<strong>PIONIER SEIT 1989<\/strong><\/h5>\n<p>Im Jahre 1969 begab sich Gerard Hooijmans auf die Suche nach der allerbesten Zusammensetzung f\u00fcr Champignonsubstrat. Hooymans Substrates ist das Ergebnis jahrelanger Pionierarbeit zur richtigen Zusammensetzung f\u00fcr ein hochwertiges Qualit\u00e4tssubstrat.<\/p>\n<p><a href=\"https:\/\/hooymanssubstrates.com\/de\/ueber-hooymans\/\">Neugierig auf unsere Geschichte?<\/a><\/p>\n<\/div><\/div>        <ul>\n                <li><img decoding=\"async\" srcset=\"https:\/\/hooymanssubstrates.com\/wp-content\/uploads\/2021\/04\/slide3-768x411.jpg 480w, https:\/\/hooymanssubstrates.com\/wp-content\/uploads\/2021\/04\/slide3-960x514.jpg 768w, https:\/\/hooymanssubstrates.com\/wp-content\/uploads\/2021\/04\/slide3-1200x642.jpg 960w, https:\/\/hooymanssubstrates.com\/wp-content\/uploads\/2021\/04\/slide3.jpg 1200w, https:\/\/hooymanssubstrates.com\/wp-content\/uploads\/2021\/04\/slide3.jpg 2000w, https:\/\/hooymanssubstrates.com\/wp-content\/uploads\/2021\/04\/slide3.jpg 3000w\" sizes=\"(max-width:479px) 480px, (min-width: 480px) and (max-width: 767px) 768px, (min-width: 768px) and (max-width: 959px) 960px, (min-width: 960px) and (max-width: 1200px) 1200px, 100vw\" src=\"https:\/\/hooymanssubstrates.com\/wp-content\/uploads\/2021\/04\/slide3-960x514.jpg\" alt=\"slide3\" \/><\/li>\n                <li><img decoding=\"async\" srcset=\"https:\/\/hooymanssubstrates.com\/wp-content\/uploads\/2021\/04\/slide-5-768x411.jpg 480w, https:\/\/hooymanssubstrates.com\/wp-content\/uploads\/2021\/04\/slide-5-960x514.jpg 768w, https:\/\/hooymanssubstrates.com\/wp-content\/uploads\/2021\/04\/slide-5-1200x642.jpg 960w, https:\/\/hooymanssubstrates.com\/wp-content\/uploads\/2021\/04\/slide-5.jpg 1200w, https:\/\/hooymanssubstrates.com\/wp-content\/uploads\/2021\/04\/slide-5.jpg 2000w, https:\/\/hooymanssubstrates.com\/wp-content\/uploads\/2021\/04\/slide-5.jpg 3000w\" sizes=\"(max-width:479px) 480px, (min-width: 480px) and (max-width: 767px) 768px, (min-width: 768px) and (max-width: 959px) 960px, (min-width: 960px) and (max-width: 1200px) 1200px, 100vw\" src=\"https:\/\/hooymanssubstrates.com\/wp-content\/uploads\/2021\/04\/slide-5-960x514.jpg\" alt=\"slide-5\" \/><\/li>\n                <li><img decoding=\"async\" srcset=\"https:\/\/hooymanssubstrates.com\/wp-content\/uploads\/2021\/04\/slide-6-768x411.jpg 480w, https:\/\/hooymanssubstrates.com\/wp-content\/uploads\/2021\/04\/slide-6-960x514.jpg 768w, https:\/\/hooymanssubstrates.com\/wp-content\/uploads\/2021\/04\/slide-6-1200x642.jpg 960w, https:\/\/hooymanssubstrates.com\/wp-content\/uploads\/2021\/04\/slide-6.jpg 1200w, https:\/\/hooymanssubstrates.com\/wp-content\/uploads\/2021\/04\/slide-6.jpg 2000w, https:\/\/hooymanssubstrates.com\/wp-content\/uploads\/2021\/04\/slide-6.jpg 3000w\" sizes=\"(max-width:479px) 480px, (min-width: 480px) and (max-width: 767px) 768px, (min-width: 768px) and (max-width: 959px) 960px, (min-width: 960px) and (max-width: 1200px) 1200px, 100vw\" src=\"https:\/\/hooymanssubstrates.com\/wp-content\/uploads\/2021\/04\/slide-6-960x514.jpg\" alt=\"slide-6\" \/><\/li>\n            <\/ul>\n    <\/div>\n<!-- \/slider_info -->\n\n\n\n\n\n\n<!-- map_info -->\n<div id=\"map-info-block_60703f1f1620b\" class=\"map_info alignfull\">\n    <div class=\"wrapper\"><div class=\"info_block\"><h5>Globale Ausrichtung<br \/>\n<strong>WIR VERSCHIEBEN GRENZEN<\/strong><\/h5>\n<p>Unser Substrat wird weltweit geliefert, und darauf sind wir stolz. Als Pionier versetzt man Grenzen und sucht nach neuen M\u00f6glichkeiten. Aus diesem Grund beraten und begleiten wir Pilzz\u00fcchter im Ausland, die vor der gleichen Herausforderung stehen.<\/p>\n<p><a href=\"https:\/\/hooymanssubstrates.com\/de\/export\/\">Erfahren Sie mehr \u00fcber unseren Export<\/a><\/p>\n<\/div><\/div>    <div class=\"map\">\n        <div class=\"trigger\"><lottie-player src=\"https:\/\/hooymanssubstrates.com\/wp-content\/themes\/Hooymans\/animation\/map-trigger.json\" background=\"transparent\" speed=\"1\" loop autoplay><\/lottie-player><\/div>\n        <div class=\"lottie_bg\"><lottie-player src=\"https:\/\/hooymanssubstrates.com\/wp-content\/themes\/Hooymans\/animation\/map.json\" background=\"transparent\" speed=\"1\"><\/lottie-player><\/div>\n        <div class=\"lottie\" data-src=\"https:\/\/hooymanssubstrates.com\/wp-content\/themes\/Hooymans\/animation\/map.json\"><\/div>\n    <\/div>\n<\/div>\n<!-- \/map_info -->\n","protected":false},"excerpt":{"rendered":"<p>FROM NATURE TO NATURE Bereits seit 1989 produziert Hooymans Substrates hochwertiges Champignonsubstrat. Von Generation zu Generation, from nature to nature, stellen wir dieses Produkt mit Leidenschaft her. Nur das beste Substrat f\u00fchrt zu einem perfekten Endprodukt, auf das unsere Pilzz\u00fcchter so stolz sind. Der Champignon ist ein vielseitiges und gesundes Produkt, das in vielen Formen [&hellip;]<\/p>\n","protected":false},"author":1,"featured_media":1657,"parent":0,"menu_order":0,"comment_status":"closed","ping_status":"closed","template":"","meta":{"_acf_changed":false,"_seopress_robots_primary_cat":"","_seopress_titles_title":"","_seopress_titles_desc":"","_seopress_robots_index":"","footnotes":""},"class_list":["post-691","page","type-page","status-publish","has-post-thumbnail","hentry"],"acf":[],"_links":{"self":[{"href":"https:\/\/hooymanssubstrates.com\/de\/wp-json\/wp\/v2\/pages\/691","targetHints":{"allow":["GET"]}}],"collection":[{"href":"https:\/\/hooymanssubstrates.com\/de\/wp-json\/wp\/v2\/pages"}],"about":[{"href":"https:\/\/hooymanssubstrates.com\/de\/wp-json\/wp\/v2\/types\/page"}],"author":[{"embeddable":true,"href":"https:\/\/hooymanssubstrates.com\/de\/wp-json\/wp\/v2\/users\/1"}],"replies":[{"embeddable":true,"href":"https:\/\/hooymanssubstrates.com\/de\/wp-json\/wp\/v2\/comments?post=691"}],"version-history":[{"count":44,"href":"https:\/\/hooymanssubstrates.com\/de\/wp-json\/wp\/v2\/pages\/691\/revisions"}],"predecessor-version":[{"id":2329,"href":"https:\/\/hooymanssubstrates.com\/de\/wp-json\/wp\/v2\/pages\/691\/revisions\/2329"}],"wp:featuredmedia":[{"embeddable":true,"href":"https:\/\/hooymanssubstrates.com\/de\/wp-json\/wp\/v2\/media\/1657"}],"wp:attachment":[{"href":"https:\/\/hooymanssubstrates.com\/de\/wp-json\/wp\/v2\/media?parent=691"}],"curies":[{"name":"wp","href":"https:\/\/api.w.org\/{rel}","templated":true}]}}