{"id":2371,"date":"2021-04-02T05:52:37","date_gmt":"2021-04-02T04:52:37","guid":{"rendered":"https:\/\/hooymanssubstrates.com\/declaracion-de-privacidad\/"},"modified":"2023-05-04T10:26:04","modified_gmt":"2023-05-04T09:26:04","slug":"declaracion-de-privacidad","status":"publish","type":"page","link":"https:\/\/hooymanssubstrates.com\/es\/declaracion-de-privacidad\/","title":{"rendered":"Declaraci\u00f3n de privacidad"},"content":{"rendered":"\n<h2 class=\"wp-block-heading\">Quienes somos<\/h2>\n\n<p><strong class=\"privacy-policy-tutorial\"><br\/>Texto sugerido:<\/strong> La direcci\u00f3n de nuestro sitio web es: https:\/\/hooymanssubstrates.com.<\/p>\n\n<h2 class=\"wp-block-heading\" id=\"tw-target-text\">Comentarios<\/h2>\n\n<p><strong class=\"privacy-policy-tutorial\"><br\/>Texto sugerido:<\/strong> cuando los visitantes dejan comentarios en el sitio, recopilamos los datos que se muestran en el formulario de comentarios, junto con la direcci\u00f3n IP del visitante y la cadena del agente de usuario del navegador para ayudar a la detecci\u00f3n de spam.<\/p>\n\n<p id=\"tw-target-text\">Se puede proporcionar una cadena an\u00f3nima creada a partir de su direcci\u00f3n de correo electr\u00f3nico (conocida como hash) al servicio Gravatar para ver si la est\u00e1 utilizando. La pol\u00edtica de privacidad del servicio Gravatar est\u00e1 disponible aqu\u00ed: https:\/\/automattic.com\/privacy\/. Despu\u00e9s de la aprobaci\u00f3n de su comentario, su foto de perfil ser\u00e1 visible para el p\u00fablico en el contexto de su comentario.<\/p>\n\n<h2 class=\"wp-block-heading\">Medios de comunicaci\u00f3n<\/h2>\n\n<p><strong class=\"privacy-policy-tutorial\">Texto sugerido:<\/strong> Si subes im\u00e1genes al sitio web, debes evitar subir im\u00e1genes con datos de ubicaci\u00f3n incrustados (GPS EXIF). Los visitantes del sitio web pueden descargar y extraer datos de ubicaci\u00f3n de las im\u00e1genes del sitio web.<\/p>\n\n<h2 class=\"wp-block-heading\">Cookies<\/h2>\n\n<p><strong class=\"privacy-policy-tutorial\">Texto sugerido:<\/strong> si deja un comentario en nuestro sitio, puede elegir que su nombre, direcci\u00f3n de correo electr\u00f3nico y sitio web se guarden en cookies. Estos son para su comodidad, para que no tenga que volver a rellenar sus datos cuando deje un comentario. Estas cookies tienen una validez de un a\u00f1o.<\/p>\n\n<p>Cuando visita nuestra p\u00e1gina de inicio de sesi\u00f3n, colocamos una cookie temporal para determinar si su navegador acepta cookies. Esta cookie no contiene datos personales y se elimina cuando cierra su navegador.<\/p>\n\n<p>Cuando inicie sesi\u00f3n, tambi\u00e9n colocaremos algunas cookies para guardar sus datos de inicio de sesi\u00f3n y sus opciones de visualizaci\u00f3n de pantalla. Las cookies de inicio de sesi\u00f3n duran dos d\u00edas y las cookies de opciones de pantalla duran un a\u00f1o. Si selecciona \u00abRecordarme\u00bb, su inicio de sesi\u00f3n se conservar\u00e1 durante dos semanas. Si cierra sesi\u00f3n en su cuenta, las cookies de inicio de sesi\u00f3n se eliminar\u00e1n.<\/p>\n\n<p>Si edita o publica un art\u00edculo, se almacenar\u00e1 una cookie adicional en su navegador. Esta cookie no contiene datos personales y solo indica el ID de publicaci\u00f3n del art\u00edculo que acaba de editar. Caduca despu\u00e9s de 1 d\u00eda.<\/p>\n\n<h2 class=\"wp-block-heading\">Ingesloten inhoud van andere websites<\/h2>\n\n<p><strong class=\"privacy-policy-tutorial\">Texto sugerido:<\/strong> los art\u00edculos de este sitio pueden contener contenido incrustado (por ejemplo, videos, im\u00e1genes, art\u00edculos, etc.). El contenido incrustado de otros sitios web se comporta exactamente igual que si el visitante hubiera visitado el otro sitio web.<\/p>\n\n<p>Estos sitios web pueden recopilar datos sobre usted, usar cookies, incrustar seguimiento de terceros y monitorear su interacci\u00f3n con ese contenido incrustado, incluido el monitoreo de su interacci\u00f3n con el contenido incrustado si tiene una cuenta y ha iniciado sesi\u00f3n en ese sitio web.<\/p>\n\n<h2 class=\"wp-block-heading\">Con qui\u00e9n compartimos sus datos<\/h2>\n\n<p><strong class=\"privacy-policy-tutorial\">Texto sugerido:<\/strong> si solicita un restablecimiento de contrase\u00f1a, su direcci\u00f3n IP se incluir\u00e1 en el correo electr\u00f3nico de restablecimiento.<\/p>\n\n<h2 class=\"wp-block-heading\">Cu\u00e1nto tiempo conservamos sus datos<\/h2>\n\n<p><strong class=\"privacy-policy-tutorial\">Texto sugerido:<\/strong> si deja un comentario, el comentario y sus metadatos asociados se conservar\u00e1n indefinidamente. Esto es para que podamos reconocer y aprobar autom\u00e1ticamente los comentarios de seguimiento en lugar de mantenerlos en una cola de moderaci\u00f3n.<\/p>\n\n<p>Para los usuarios que se registran en nuestro sitio web (si corresponde), tambi\u00e9n almacenamos la informaci\u00f3n personal que proporcionan en su perfil de usuario. Todos los usuarios pueden ver, editar o eliminar su informaci\u00f3n personal en cualquier momento (excepto que no pueden cambiar su nombre de usuario). Los administradores del sitio web tambi\u00e9n pueden ver y editar esa informaci\u00f3n.<\/p>\n\n<h2 class=\"wp-block-heading\">Qu\u00e9 derechos tienes sobre tus datos<\/h2>\n\n<p><strong class=\"privacy-policy-tutorial\">Texto sugerido:<\/strong> si tiene una cuenta en este sitio o ha dejado comentarios, puede solicitar un archivo de exportaci\u00f3n de los datos personales que tenemos sobre usted, incluidos los datos que nos haya proporcionado. Tambi\u00e9n puede solicitar que eliminemos cualquier dato personal que tengamos sobre usted. Esto no incluye ning\u00fan dato que estemos obligados a conservar con fines administrativos, legales o de seguridad.<\/p>\n\n<h2 class=\"wp-block-heading\">Waar we uw gegevens naartoe sturen<\/h2>\n\n<p><strong class=\"privacy-policy-tutorial\">Texto sugerido:<\/strong> los comentarios de los visitantes pueden ser revisados \u200b\u200bpor un servicio de detecci\u00f3n autom\u00e1tica de spam.<\/p>\n","protected":false},"excerpt":{"rendered":"<p>Quienes somos Texto sugerido: La direcci\u00f3n de nuestro sitio web es: https:\/\/hooymanssubstrates.com. Comentarios Texto sugerido: cuando los visitantes dejan comentarios en el sitio, recopilamos los datos que se muestran en el formulario de comentarios, junto con la direcci\u00f3n IP del visitante y la cadena del agente de usuario del navegador para ayudar a la detecci\u00f3n [&hellip;]<\/p>\n","protected":false},"author":1,"featured_media":0,"parent":0,"menu_order":0,"comment_status":"closed","ping_status":"open","template":"","meta":{"_acf_changed":false,"_seopress_robots_primary_cat":"","_seopress_titles_title":"","_seopress_titles_desc":"","_seopress_robots_index":"","footnotes":""},"class_list":["post-2371","page","type-page","status-publish","hentry"],"acf":[],"_links":{"self":[{"href":"https:\/\/hooymanssubstrates.com\/es\/wp-json\/wp\/v2\/pages\/2371","targetHints":{"allow":["GET"]}}],"collection":[{"href":"https:\/\/hooymanssubstrates.com\/es\/wp-json\/wp\/v2\/pages"}],"about":[{"href":"https:\/\/hooymanssubstrates.com\/es\/wp-json\/wp\/v2\/types\/page"}],"author":[{"embeddable":true,"href":"https:\/\/hooymanssubstrates.com\/es\/wp-json\/wp\/v2\/users\/1"}],"replies":[{"embeddable":true,"href":"https:\/\/hooymanssubstrates.com\/es\/wp-json\/wp\/v2\/comments?post=2371"}],"version-history":[{"count":1,"href":"https:\/\/hooymanssubstrates.com\/es\/wp-json\/wp\/v2\/pages\/2371\/revisions"}],"predecessor-version":[{"id":2372,"href":"https:\/\/hooymanssubstrates.com\/es\/wp-json\/wp\/v2\/pages\/2371\/revisions\/2372"}],"wp:attachment":[{"href":"https:\/\/hooymanssubstrates.com\/es\/wp-json\/wp\/v2\/media?parent=2371"}],"curies":[{"name":"wp","href":"https:\/\/api.w.org\/{rel}","templated":true}]}}