{"id":2380,"date":"2021-04-02T11:33:31","date_gmt":"2021-04-02T10:33:31","guid":{"rendered":"https:\/\/hooymanssubstrates.com\/terminos-y-condiciones\/"},"modified":"2023-05-04T11:18:57","modified_gmt":"2023-05-04T10:18:57","slug":"terminos-y-condiciones","status":"publish","type":"page","link":"https:\/\/hooymanssubstrates.com\/es\/terminos-y-condiciones\/","title":{"rendered":"T\u00e9rminos y condiciones"},"content":{"rendered":"\n<p> <strong><em>T\u00c9RMINOS Y CONDICIONES GENERALES DE ENTREGA <\/em><\/strong><\/p>\n\n<p><strong><em>Registrado en la C\u00e1mara de Comercio e Industria de Rivierenland en Tiel con el n\u00famero: 11031688 <\/em><\/strong><\/p>\n\n<p><strong>1. Definiciones y Disposiciones Generales <\/strong><\/p>\n\n<p>1.1. Estos t\u00e9rminos y condiciones forman parte de todos los acuerdos de suministro celebrados por Hooymans y de todas las cotizaciones emitidas por Hooymans. <\/p>\n\n<p>1.2. Hooymans es la empresa privada Hooijmans Compost B.V. en Kerkdriel y sus empresas operadoras que hagan uso de estas condiciones. <\/p>\n\n<p>1.3. El \u201cCliente\u201d es la persona que celebra o desea celebrar un acuerdo con Hooymans. <\/p>\n\n<p>1.4. Un registro escrito se equipara a un registro por correo electr\u00f3nico y por fax. <\/p>\n\n<p>1.5. El material impreso emitido por Hooymans no vincula a Hooymans. <\/p>\n\n<p><strong>2. Cotizaciones <\/strong><\/p>\n\n<p>2.1. Las cotizaciones de Hooymans son sin compromiso. <\/p>\n\n<p>2.2. Todo lo que se proporciona con las ofertas sigue siendo propiedad de Hooymans y no se puede reproducir ni poner a disposici\u00f3n de terceros para su inspecci\u00f3n. <\/p>\n\n<p>2.3. Las muestras proporcionadas por Hooymans no son vinculantes. <\/p>\n\n<p><strong>3. Conclusi\u00f3n de Acuerdos <\/strong><\/p>\n\n<p>3.1. Solo se concluir\u00e1 un acuerdo entre Hooymans y el Cliente si Hooymans lo confirma por escrito o si Hooymans cumple con el acuerdo. <\/p>\n\n<p>3.2. Si no se ha hecho ninguna cotizaci\u00f3n, la factura de Hooymans es la confirmaci\u00f3n del pedido. <\/p>\n\n<p>3.3. Hooymans siempre puede solicitar al Cliente que proporcione seguridad para el cumplimiento de un acuerdo. Mientras no se haya prestado la garant\u00eda solicitada, Hooymans podr\u00e1 suspender cualquier actuaci\u00f3n. <\/p>\n\n<p>3.4. Los cambios en los acuerdos concluidos solo se aplican si se han establecido por escrito. <\/p>\n\n<p><strong>4. Entrega <\/strong><\/p>\n\n<p>4.1. Si el Cliente se niega a aceptar la entrega de los bienes a entregar, Hooymans puede rescindir el acuerdo de inmediato, por lo que Hooymans tiene derecho a una compensaci\u00f3n por todos sus da\u00f1os. <\/p>\n\n<p>4.2. El riesgo de da\u00f1o, p\u00e9rdida o extrav\u00edo de la mercanc\u00eda es para el Cliente despu\u00e9s de la entrega. <\/p>\n\n<p>4.3. Si Hooymans no puede cumplir (en su totalidad) porque una norma legal lo imposibilita, Hooymans no ser\u00e1 responsable de las consecuencias de ello. <\/p>\n\n<p>4.4. Si el Comprador manifiesta su deseo de cancelar una entrega acordada, Hooymans podr\u00e1 acceder a ello en determinadas circunstancias. El deseo de cancelar debe entonces ser comunicado por escrito o por correo electr\u00f3nico. Si Hooymans est\u00e1 de acuerdo, no renuncia a la cantidad acordada. Si el Cliente manifiesta su deseo de desistir con menos de una semana de antelaci\u00f3n a la fecha prevista de entrega, el Cliente adeudar\u00e1 al menos el 60% del importe acordado. <\/p>\n\n<p>4.5. Si el volumen cq. el peso de los bienes entregados se desv\u00eda del acuerdo en menos del 20%, Hooymans ha cumplido con sus obligaciones, por lo que el monto de la factura se determina sobre la base de la cantidad realmente entregada. <\/p>\n\n<p><strong>5. Precios <\/strong><\/p>\n\n<p>5.1. Los precios cotizados por Hooymans son en euros y no incluyen IVA, grav\u00e1menes, derechos de importaci\u00f3n, impuestos, costos de embalaje y costos de transporte, en la medida en que no se indique expresamente lo contrario. <\/p>\n\n<p>5.2. Para productos frescos diarios, se aplica el precio del d\u00eda de la entrega. <\/p>\n\n<p>5.3. Hooymans puede implementar cambios de precios. El Cliente puede rescindir el acuerdo en caso de un aumento de precio de m\u00e1s del 10%. Si el Cliente deseara entonces la rescisi\u00f3n, deber\u00e1 comunicarlo dentro de las veinticuatro horas siguientes a que pudiera haber tenido conocimiento del cambio de precio. <\/p>\n\n<p><strong>6. Reclamaciones, obligaci\u00f3n del Cliente de investigar <\/strong><\/p>\n\n<p>6.1. El Cliente debe comprobar los productos entregados en busca de defectos visibles. Si se encuentran defectos, se deben informar a Hooymans por escrito dentro de las seis horas posteriores a la entrega. En el caso de mercanc\u00edas con una vida \u00fatil inferior a siete d\u00edas, esta notificaci\u00f3n deber\u00e1 efectuarse dentro de la hora siguiente a la entrega. En todos los casos, el Cliente deber\u00e1 comprobar inmediatamente despu\u00e9s de la entrega que se han entregado los bienes correctos, que se han entregado los n\u00fameros correctos y que los bienes entregados cumplen los requisitos establecidos para los mismos. <\/p>\n\n<p>6.2. Los defectos que no se puedan determinar de inmediato se deben informar a Hooymans por escrito dentro de las 24 horas posteriores al descubrimiento. <\/p>\n\n<p>6.3. Cualquier derecho de reclamaci\u00f3n caduca despu\u00e9s de un per\u00edodo de un mes despu\u00e9s de la entrega por parte de Hooymans. <\/p>\n\n<p>6.4. Con cada notificaci\u00f3n de defectos, el defecto debe estar claramente descrito. <\/p>\n\n<p>6.5. Los defectos en parte de los bienes entregados no pueden dar lugar a una <\/p>\n\n<p>desaprobaci\u00f3n de todo el partido. <\/p>\n\n<p>6.6. Los bienes respecto de los cuales se presenta una reclamaci\u00f3n deben ser presentados por el Cliente <\/p>\n\n<p>cuidadosamente preservado, para que Hooymans pueda <\/p>\n\n<p>a la investigaci\u00f3n. <\/p>\n\n<p>6.7. La reclamaci\u00f3n no da derecho a suspender el pago de la <\/p>\n\n<p>bienes entregados, a menos que el Comprador sea un consumidor. Tambi\u00e9n la obligaci\u00f3n de <\/p>\n\n<p>sigue existiendo una disminuci\u00f3n en los pedidos realizados. <\/p>\n\n<p>6.8. Los productos solo se pueden entregar con el permiso previo por escrito de Hooymans <\/p>\n\n<p>son devueltos. <\/p>\n\n<p><strong>7. Responsabilidad e Indemnizaci\u00f3n <\/strong><\/p>\n\n<p>7.1. Hooymans no se hace responsable de los da\u00f1os sufridos por el Cliente, excepto si estos son causados \u200b\u200bpor dolo o negligencia grave por parte de Hooymans. <\/p>\n\n<p>7.2. La indemnizaci\u00f3n por los da\u00f1os sufridos por el Cliente estar\u00e1 en todo caso limitada <\/p>\n\n<p>hasta el monto que el seguro de responsabilidad paga a Hooymans. El <\/p>\n\n<p>la compensaci\u00f3n tambi\u00e9n se limita al monto de la factura por el <\/p>\n\n<p>lote correspondiente, con un m\u00e1ximo absoluto de 10.000,00 \u20ac. <\/p>\n\n<p>7.3. Hooymans no se hace responsable de los da\u00f1os indirectos sufridos por el Cliente, como <\/p>\n\n<p>p\u00e9rdida de ingresos, da\u00f1o por estancamiento, p\u00e9rdida de ganancias, a menos que el Cliente <\/p>\n\n<p>consumidor. Esto tambi\u00e9n incluye da\u00f1os debido a la contaminaci\u00f3n con bacterias, <\/p>\n\n<p>virus, enfermedades, contaminantes, pesticidas, crecimiento y <\/p>\n\n<p>sustancias inhibidoras de g\u00e9rmenes y sustancias de crecimiento. <\/p>\n\n<p>7.4. El Cliente indemniza a Hooymans frente a todas las reclamaciones de terceros. <\/p>\n\n<p><strong>8. Fuerza mayor <\/strong><\/p>\n\n<p>8.1. Hooymans no se hace responsable de ning\u00fan da\u00f1o resultante de fuerza mayor. <\/p>\n\n<p>8.2. La fuerza mayor es una situaci\u00f3n en la que el cumplimiento (puntual) por parte de Hooymans es imposible debido a una causa sobre la que Hooymans no tiene influencia y que Hooymans no pod\u00eda prever. En cualquier caso, se entiende por guerra, movilizaci\u00f3n, disturbios, inundaciones, cese (parcial) de suministros por parte de los servicios p\u00fablicos, escasez de combustible, incendio, aver\u00eda de m\u00e1quinas, accidentes, mal funcionamiento de equipos y\/o software, huelgas dentro o fuera de Hooymans, falta general de (buenas) materias primas, medidas gubernamentales, problemas generales de transporte, incluida la congesti\u00f3n del tr\u00e1fico debido a las condiciones clim\u00e1ticas. <\/p>\n\n<p>8.3. Si el per\u00edodo de fuerza mayor dura m\u00e1s de dos meses, ambas partes tienen derecho a disolver el acuerdo, sin obligaci\u00f3n de pagar compensaci\u00f3n en ese caso. <\/p>\n\n<p>8.4. Si, por causa de fuerza mayor, Hooymans solo puede entregar cantidades menores a las acordadas durante cualquier per\u00edodo, el Cliente estar\u00e1 obligado a comprar estas cantidades menores. Si por causa de fuerza mayor se entrega el 70% o menos de la cantidad pactada en un plazo de seis meses, ambas partes tienen derecho a disolver el contrato, sin obligaci\u00f3n de indemnizar en tal caso. Lo mismo se aplica si se entrega el 50% o menos de la cantidad acordada durante cuatro meses. <\/p>\n\n<p>8.5. Si Hooymans ya ha cumplido parcialmente con sus obligaciones cuando se produzca la fuerza mayor, el Cliente estar\u00e1 obligado a pagar este cumplimiento a prorrata. <\/p>\n\n<p>8.6. Si el Comprador es un consumidor, podr\u00e1 disolverse inmediatamente despu\u00e9s de que se produzca la fuerza mayor. <\/p>\n\n<p><strong>9. Reserva de propiedad <\/strong><\/p>\n\n<p>9.1 Hooymans sigue siendo el propietario de los bienes entregados por \u00e9l hasta que el Cliente haya cumplido con todas las obligaciones hacia Hooymans (incluidas las obligaciones derivadas de otras entregas). Hasta entonces, el Comprador deber\u00e1 conservar los bienes entregados por Hooymans de forma que puedan identificarse f\u00e1cilmente como propiedad de Hooymans. Los bienes sujetos a reserva de dominio deben estar adecuadamente asegurados por el cliente. Si el cliente no cumple con estas obligaciones, Hooymans puede reclamar inmediatamente la mercanc\u00eda al cliente. <\/p>\n\n<p>9.2. El Cliente no puede vender o procesar bienes sujetos a reserva de dominio, excepto si esta es su actividad comercial ordinaria. El cliente no podr\u00e1 gravar la mercanc\u00eda. <\/p>\n\n<p>9.3. Si la reserva de propiedad caduca debido a que los bienes entregados han sido procesados, el Comprador est\u00e1 obligado a dar en prenda el bien reci\u00e9n formado (incluida la cosecha) a Hooymans a la primera solicitud de Hooymans. <\/p>\n\n<p><strong>10. Pago y cobro <\/strong><\/p>\n\n<p>10.1 El plazo de pago de las facturas de Hooymans es de 8 d\u00edas despu\u00e9s de la fecha de la factura. Si el pago no se realiza dentro de este per\u00edodo, el Cliente se encuentra inmediatamente en mora. <\/p>\n\n<p>10.2 Existe un inter\u00e9s de demora del 1,5% mensual a partir del d\u00eda de vencimiento de la factura. Una apelaci\u00f3n a la publicidad no acorta la obligaci\u00f3n de pago. <\/p>\n\n<p>10.3 En caso de liquidaci\u00f3n, quiebra o suspensi\u00f3n de pagos del Cliente, todos los importes facturados por Hooymans ser\u00e1n inmediatamente vencidos y pagaderos. <\/p>\n\n<p>10.4 No es posible el descuento, la liquidaci\u00f3n o la compensaci\u00f3n, a menos que el Cliente sea un consumidor. <\/p>\n\n<p>10.5 El momento del pago es el momento en que se acredita una cantidad en la cuenta de Hooymans. <\/p>\n\n<p>10.6 Si, tras el incumplimiento por parte del Cliente, Hooymans entrega su reclamaci\u00f3n de cobro, todos los gastos de cobro correr\u00e1n a cargo del Cliente. Los gastos de cobro extrajudicial ascienden al menos al 15% de la cantidad impagada, con un m\u00ednimo absoluto de 150,00 \u20ac. <\/p>\n\n<p>10.7 Las reclamaciones de Hooymans contra el Cliente vencen inmediatamente y son pagaderas si Hooymans tiene una raz\u00f3n v\u00e1lida para suponer que el Cliente no cumplir\u00e1 con sus obligaciones o que una garant\u00eda proporcionada resulta ser insuficiente. Si ocurre una de estas situaciones, Hooymans tambi\u00e9n tiene derecho a suspender el cumplimiento posterior hasta que tenga la certeza de que se realizar\u00e1 el pago por este cumplimiento, sin perjuicio del derecho de Hooymans a reclamar una compensaci\u00f3n. <\/p>\n\n<p><strong>11. Terminaci\u00f3n y Suspensi\u00f3n <\/strong><\/p>\n\n<p>11.1 Si el Cliente no cumple debidamente con alg\u00fan acuerdo, Hooymans podr\u00e1 suspender cualquier cumplimiento, por lo que Hooymans tambi\u00e9n podr\u00e1 reclamar una indemnizaci\u00f3n y\/o resoluci\u00f3n del acuerdo. <\/p>\n\n<p><strong>12. Ley aplicable y tribunal competente <\/strong><\/p>\n\n<p>12.1 Solo se aplica la ley holandesa a todos los acuerdos entre las partes. <\/p>\n\n<p>12.2 Solo el tribunal de Arnhem est\u00e1 autorizado para conocer de los litigios <\/p>\n\n<p>entre las partes, en cuanto no se opongan disposiciones legales imperativas. <\/p>\n\n<p>posponer. Hooymans puede decidir someter la disputa a un tribunal <\/p>\n\n<p>Tribunal competente. <\/p>\n\n<p><strong>13. Nulidad parcial <\/strong><\/p>\n\n<p>13.1 Si una o m\u00e1s disposiciones del contrato celebrado por Hooymans <\/p>\n\n<p>demostrar\u00eda no ser o no tener plena validez legal con el Cliente, el <\/p>\n\n<p>otras disposiciones en su totalidad. En lugar del posiblemente inv\u00e1lido <\/p>\n\n<p>disposiciones, se aplica un arreglo apropiado que refleja la intenci\u00f3n de las partes y el <\/p>\n\n<p>resultado econ\u00f3mico perseguido por ellos de una manera legalmente efectiva tanto como sea posible <\/p>\n\n<p>m\u00f6gliche Ans\u00e4tze. <\/p>\n","protected":false},"excerpt":{"rendered":"<p>T\u00c9RMINOS Y CONDICIONES GENERALES DE ENTREGA Registrado en la C\u00e1mara de Comercio e Industria de Rivierenland en Tiel con el n\u00famero: 11031688 1. Definiciones y Disposiciones Generales 1.1. Estos t\u00e9rminos y condiciones forman parte de todos los acuerdos de suministro celebrados por Hooymans y de todas las cotizaciones emitidas por Hooymans. 1.2. Hooymans es la [&hellip;]<\/p>\n","protected":false},"author":1,"featured_media":0,"parent":0,"menu_order":0,"comment_status":"closed","ping_status":"closed","template":"","meta":{"_acf_changed":false,"_seopress_robots_primary_cat":"","_seopress_titles_title":"","_seopress_titles_desc":"","_seopress_robots_index":"","footnotes":""},"class_list":["post-2380","page","type-page","status-publish","hentry"],"acf":[],"_links":{"self":[{"href":"https:\/\/hooymanssubstrates.com\/es\/wp-json\/wp\/v2\/pages\/2380","targetHints":{"allow":["GET"]}}],"collection":[{"href":"https:\/\/hooymanssubstrates.com\/es\/wp-json\/wp\/v2\/pages"}],"about":[{"href":"https:\/\/hooymanssubstrates.com\/es\/wp-json\/wp\/v2\/types\/page"}],"author":[{"embeddable":true,"href":"https:\/\/hooymanssubstrates.com\/es\/wp-json\/wp\/v2\/users\/1"}],"replies":[{"embeddable":true,"href":"https:\/\/hooymanssubstrates.com\/es\/wp-json\/wp\/v2\/comments?post=2380"}],"version-history":[{"count":1,"href":"https:\/\/hooymanssubstrates.com\/es\/wp-json\/wp\/v2\/pages\/2380\/revisions"}],"predecessor-version":[{"id":2381,"href":"https:\/\/hooymanssubstrates.com\/es\/wp-json\/wp\/v2\/pages\/2380\/revisions\/2381"}],"wp:attachment":[{"href":"https:\/\/hooymanssubstrates.com\/es\/wp-json\/wp\/v2\/media?parent=2380"}],"curies":[{"name":"wp","href":"https:\/\/api.w.org\/{rel}","templated":true}]}}