{"id":692,"date":"2021-04-02T07:19:20","date_gmt":"2021-04-02T06:19:20","guid":{"rendered":"https:\/\/hooymanssubstrates.com\/home\/"},"modified":"2023-05-04T09:30:00","modified_gmt":"2023-05-04T08:30:00","slug":"home","status":"publish","type":"page","link":"https:\/\/hooymanssubstrates.com\/es\/","title":{"rendered":"Home"},"content":{"rendered":"\n<h3 class=\"has-text-align-center wp-block-heading\">FROM <strong>NATURE<\/strong> TO <strong>NATURE<\/strong><\/h3>\n\n\n\n<p class=\"has-text-align-center\">Hooymans Substrates produce sustrato de alta calidad para champi\u00f1ones desde 1989. De generaci\u00f3n en generaci\u00f3n, de la naturaleza y para la naturaleza, fabricamos este producto con pasi\u00f3n. Solo con el mejor sustrato se consigue un producto final perfecto que satisface plenamente a nuestros cultivadores. El champi\u00f1\u00f3n es un producto vers\u00e1til y saludable, que puede degustarse en todo el mundo en numerosos platos y presentaciones.<\/p>\n\n\n\n<p class=\"has-text-align-center\">\u00bfLe gustar\u00eda saber c\u00f3mo lo hacemos? Siga leyendo. Entonces sigue leyendo.<\/p>\n\n\n\n\n\n\n<!-- featured_list -->\n<div id=\"featured-block_606ed72a6b803\" class=\"featured_list \">\n    <ul>\n                    <li>\n                <div><img decoding=\"async\" loading=\"lazy\" srcset=\"https:\/\/hooymanssubstrates.com\/wp-content\/uploads\/2021\/04\/featured_icon.png 480w, https:\/\/hooymanssubstrates.com\/wp-content\/uploads\/2021\/04\/featured_icon.png 768w, https:\/\/hooymanssubstrates.com\/wp-content\/uploads\/2021\/04\/featured_icon.png 960w, https:\/\/hooymanssubstrates.com\/wp-content\/uploads\/2021\/04\/featured_icon.png 1200w, https:\/\/hooymanssubstrates.com\/wp-content\/uploads\/2021\/04\/featured_icon.png 2000w, https:\/\/hooymanssubstrates.com\/wp-content\/uploads\/2021\/04\/featured_icon.png 3000w\" sizes=\"(max-width:479px) 480px, (min-width: 480px) and (max-width: 767px) 768px, (min-width: 768px) and (max-width: 959px) 960px, (min-width: 960px) and (max-width: 1200px) 1200px, 100vw\" src=\"https:\/\/hooymanssubstrates.com\/wp-content\/uploads\/2021\/04\/featured_icon.png\" alt=\"featured_icon\" \/><\/div>                <h5>Calidad<\/h5>                <p>Defendemos la calidad. \u00a1Nuestro sustrato ofrece los resultados \u00f3ptimos y m\u00e1s naturales!<\/p>\n            <\/li>\n                    <li>\n                <div><img decoding=\"async\" loading=\"lazy\" srcset=\"https:\/\/hooymanssubstrates.com\/wp-content\/uploads\/2021\/04\/featured_icon2.png 480w, https:\/\/hooymanssubstrates.com\/wp-content\/uploads\/2021\/04\/featured_icon2.png 768w, https:\/\/hooymanssubstrates.com\/wp-content\/uploads\/2021\/04\/featured_icon2.png 960w, https:\/\/hooymanssubstrates.com\/wp-content\/uploads\/2021\/04\/featured_icon2.png 1200w, https:\/\/hooymanssubstrates.com\/wp-content\/uploads\/2021\/04\/featured_icon2.png 2000w, https:\/\/hooymanssubstrates.com\/wp-content\/uploads\/2021\/04\/featured_icon2.png 3000w\" sizes=\"(max-width:479px) 480px, (min-width: 480px) and (max-width: 767px) 768px, (min-width: 768px) and (max-width: 959px) 960px, (min-width: 960px) and (max-width: 1200px) 1200px, 100vw\" src=\"https:\/\/hooymanssubstrates.com\/wp-content\/uploads\/2021\/04\/featured_icon2.png\" alt=\"featured_icon2\" \/><\/div>                <h5>Innovaci\u00f3n<\/h5>                <p>El mercado exige soluciones innovadoras. Las materias primas deben ser trazables y el centro de producci\u00f3n est\u00e1 equipado con un sofisticado sistema que monitorea el proceso.<\/p>\n            <\/li>\n                    <li>\n                <div><img decoding=\"async\" loading=\"lazy\" srcset=\"https:\/\/hooymanssubstrates.com\/wp-content\/uploads\/2021\/04\/featured_icon3.png 480w, https:\/\/hooymanssubstrates.com\/wp-content\/uploads\/2021\/04\/featured_icon3.png 768w, https:\/\/hooymanssubstrates.com\/wp-content\/uploads\/2021\/04\/featured_icon3.png 960w, https:\/\/hooymanssubstrates.com\/wp-content\/uploads\/2021\/04\/featured_icon3.png 1200w, https:\/\/hooymanssubstrates.com\/wp-content\/uploads\/2021\/04\/featured_icon3.png 2000w, https:\/\/hooymanssubstrates.com\/wp-content\/uploads\/2021\/04\/featured_icon3.png 3000w\" sizes=\"(max-width:479px) 480px, (min-width: 480px) and (max-width: 767px) 768px, (min-width: 768px) and (max-width: 959px) 960px, (min-width: 960px) and (max-width: 1200px) 1200px, 100vw\" src=\"https:\/\/hooymanssubstrates.com\/wp-content\/uploads\/2021\/04\/featured_icon3.png\" alt=\"featured_icon3\" \/><\/div>                <h5>Circularidad<\/h5>                <p>De la naturaleza, para la naturaleza. Tanto los ingredientes como nuestro producto final forman parte de la naturaleza. Y nosotros nos preocupamos por ella. Trabajamos de forma circular y tambi\u00e9n basamos nuestras elecciones en este enfoque. Nuestro compromiso es trabajar de manera sostenible, para el ser humano y la naturaleza. <\/p>\n            <\/li>\n            <\/ul>\n<\/div>\n<!-- \/featured_list -->\n\n\n\n<p class=\"has-text-align-center\">\u00bfDesea conocer nuestra metodolog\u00eda? Leer m\u00e1s<\/p>\n\n\n\n<div class=\"wp-block-buttons is-content-justification-center is-layout-flex wp-block-buttons-is-layout-flex\">\n<div class=\"wp-block-button\"><a class=\"wp-block-button__link\" href=\"https:\/\/hooymanssubstrates.com\/es\/sustratos\/\">LEER M\u00c1S<\/a><\/div>\n<\/div>\n\n\n\n\n\n\n<!-- mushrooms_block -->\n<div id=\"mushrooms-block_606ef43c38238\" class=\"mushrooms_block alignfull\">\n    <div class=\"champignon\"><span><\/span><span><\/span><\/div>\n    <h2><span>CONOCIMIENTO<\/span><\/h2>    <h2>ES NUESTRO <br>M\u00c1S IMPORTANTE<br>INGREDIENTE<\/h2>        <ul>\n                    <li>\n                <div class=\"animation\" data-src=\"\/wp-content\/themes\/Hooymans\/animation\/gips.json\"><\/div>                <div class=\"img\"><span>&nbsp;<\/span><img decoding=\"async\" loading=\"lazy\" srcset=\"https:\/\/hooymanssubstrates.com\/wp-content\/uploads\/2021\/04\/mushrooms_list_img.png 480w, https:\/\/hooymanssubstrates.com\/wp-content\/uploads\/2021\/04\/mushrooms_list_img.png 768w, https:\/\/hooymanssubstrates.com\/wp-content\/uploads\/2021\/04\/mushrooms_list_img.png 960w, https:\/\/hooymanssubstrates.com\/wp-content\/uploads\/2021\/04\/mushrooms_list_img.png 1200w, https:\/\/hooymanssubstrates.com\/wp-content\/uploads\/2021\/04\/mushrooms_list_img.png 2000w, https:\/\/hooymanssubstrates.com\/wp-content\/uploads\/2021\/04\/mushrooms_list_img.png 3000w\" sizes=\"(max-width:479px) 480px, (min-width: 480px) and (max-width: 767px) 768px, (min-width: 768px) and (max-width: 959px) 960px, (min-width: 960px) and (max-width: 1200px) 1200px, 100vw\" src=\"https:\/\/hooymanssubstrates.com\/wp-content\/uploads\/2021\/04\/mushrooms_list_img.png\" alt=\"mushrooms_list_img\" \/><\/div>                <h5><span>ELENCO<\/span><\/h5>            <\/li>\n                    <li>\n                <div class=\"animation\" data-src=\"\/wp-content\/themes\/Hooymans\/animation\/paardenmest.json\"><\/div>                <div class=\"img\"><span>&nbsp;<\/span><img decoding=\"async\" loading=\"lazy\" srcset=\"https:\/\/hooymanssubstrates.com\/wp-content\/uploads\/2021\/04\/mushrooms_list_img2.png 480w, https:\/\/hooymanssubstrates.com\/wp-content\/uploads\/2021\/04\/mushrooms_list_img2.png 768w, https:\/\/hooymanssubstrates.com\/wp-content\/uploads\/2021\/04\/mushrooms_list_img2.png 960w, https:\/\/hooymanssubstrates.com\/wp-content\/uploads\/2021\/04\/mushrooms_list_img2.png 1200w, https:\/\/hooymanssubstrates.com\/wp-content\/uploads\/2021\/04\/mushrooms_list_img2.png 2000w, https:\/\/hooymanssubstrates.com\/wp-content\/uploads\/2021\/04\/mushrooms_list_img2.png 3000w\" sizes=\"(max-width:479px) 480px, (min-width: 480px) and (max-width: 767px) 768px, (min-width: 768px) and (max-width: 959px) 960px, (min-width: 960px) and (max-width: 1200px) 1200px, 100vw\" src=\"https:\/\/hooymanssubstrates.com\/wp-content\/uploads\/2021\/04\/mushrooms_list_img2.png\" alt=\"mushrooms_list_img2\" \/><\/div>                <h5><span>ESTI\u00c9RCOL DE CABALLO<\/span><\/h5>            <\/li>\n                    <li>\n                <div class=\"animation\" data-src=\"\/wp-content\/themes\/Hooymans\/animation\/Stro.json\"><\/div>                <div class=\"img\"><span>&nbsp;<\/span><img decoding=\"async\" loading=\"lazy\" srcset=\"https:\/\/hooymanssubstrates.com\/wp-content\/uploads\/2021\/04\/mushrooms_list_img3.png 480w, https:\/\/hooymanssubstrates.com\/wp-content\/uploads\/2021\/04\/mushrooms_list_img3.png 768w, https:\/\/hooymanssubstrates.com\/wp-content\/uploads\/2021\/04\/mushrooms_list_img3.png 960w, https:\/\/hooymanssubstrates.com\/wp-content\/uploads\/2021\/04\/mushrooms_list_img3.png 1200w, https:\/\/hooymanssubstrates.com\/wp-content\/uploads\/2021\/04\/mushrooms_list_img3.png 2000w, https:\/\/hooymanssubstrates.com\/wp-content\/uploads\/2021\/04\/mushrooms_list_img3.png 3000w\" sizes=\"(max-width:479px) 480px, (min-width: 480px) and (max-width: 767px) 768px, (min-width: 768px) and (max-width: 959px) 960px, (min-width: 960px) and (max-width: 1200px) 1200px, 100vw\" src=\"https:\/\/hooymanssubstrates.com\/wp-content\/uploads\/2021\/04\/mushrooms_list_img3.png\" alt=\"mushrooms_list_img3\" \/><\/div>                <h5><span>PAJA<\/span><\/h5>            <\/li>\n                    <li>\n                <div class=\"animation\" data-src=\"\/wp-content\/themes\/Hooymans\/animation\/Kuikenmest.json\"><\/div>                <div class=\"img\"><span>&nbsp;<\/span><img decoding=\"async\" loading=\"lazy\" srcset=\"https:\/\/hooymanssubstrates.com\/wp-content\/uploads\/2021\/04\/mushrooms_list_img4.png 480w, https:\/\/hooymanssubstrates.com\/wp-content\/uploads\/2021\/04\/mushrooms_list_img4.png 768w, https:\/\/hooymanssubstrates.com\/wp-content\/uploads\/2021\/04\/mushrooms_list_img4.png 960w, https:\/\/hooymanssubstrates.com\/wp-content\/uploads\/2021\/04\/mushrooms_list_img4.png 1200w, https:\/\/hooymanssubstrates.com\/wp-content\/uploads\/2021\/04\/mushrooms_list_img4.png 2000w, https:\/\/hooymanssubstrates.com\/wp-content\/uploads\/2021\/04\/mushrooms_list_img4.png 3000w\" sizes=\"(max-width:479px) 480px, (min-width: 480px) and (max-width: 767px) 768px, (min-width: 768px) and (max-width: 959px) 960px, (min-width: 960px) and (max-width: 1200px) 1200px, 100vw\" src=\"https:\/\/hooymanssubstrates.com\/wp-content\/uploads\/2021\/04\/mushrooms_list_img4.png\" alt=\"mushrooms_list_img4\" \/><\/div>                <h5><span>ESTI\u00c9RCOL DE POLLO<\/span><\/h5>            <\/li>\n                    <li>\n                <div class=\"animation\" data-src=\"\/wp-content\/themes\/Hooymans\/animation\/water.json\"><\/div>                <div class=\"img\"><span>&nbsp;<\/span><img decoding=\"async\" loading=\"lazy\" srcset=\"https:\/\/hooymanssubstrates.com\/wp-content\/uploads\/2021\/04\/mushrooms_list_img5.png 480w, https:\/\/hooymanssubstrates.com\/wp-content\/uploads\/2021\/04\/mushrooms_list_img5.png 768w, https:\/\/hooymanssubstrates.com\/wp-content\/uploads\/2021\/04\/mushrooms_list_img5.png 960w, https:\/\/hooymanssubstrates.com\/wp-content\/uploads\/2021\/04\/mushrooms_list_img5.png 1200w, https:\/\/hooymanssubstrates.com\/wp-content\/uploads\/2021\/04\/mushrooms_list_img5.png 2000w, https:\/\/hooymanssubstrates.com\/wp-content\/uploads\/2021\/04\/mushrooms_list_img5.png 3000w\" sizes=\"(max-width:479px) 480px, (min-width: 480px) and (max-width: 767px) 768px, (min-width: 768px) and (max-width: 959px) 960px, (min-width: 960px) and (max-width: 1200px) 1200px, 100vw\" src=\"https:\/\/hooymanssubstrates.com\/wp-content\/uploads\/2021\/04\/mushrooms_list_img5.png\" alt=\"mushrooms_list_img5\" \/><\/div>                <h5><span>AGUA<\/span><\/h5>            <\/li>\n            <\/ul>\n    <\/div>\n<!-- \/mushrooms_block -->\n\n\n\n\n\n\n<!-- slider_info -->\n<div id=\"slider-info-block_6070078cb2e99\" class=\"slider_info alignfull\">\n    <div class=\"wrapper\"><div class=\"info_block\"><h5>La historia de Hooymans<br \/>\n<strong>Pioneros desde 1989<\/strong><\/h5>\n<p>En 1969, Gerard Hooijmans comenz\u00f3 a buscar la mejor composici\u00f3n para el sustrato de champi\u00f1ones. Hooymans Substrates es el resultado de a\u00f1os de trabajo innovador buscando conseguir la composici\u00f3n perfecta para un sustrato de alta calidad.<\/p>\n<p><a href=\"https:\/\/hooymanssubstrates.com\/es\/sobre-hooymans\/\">\u00bfDesea conocer nuestra historia?<\/a><\/p>\n<\/div><\/div>        <ul>\n                <li><img decoding=\"async\" srcset=\"https:\/\/hooymanssubstrates.com\/wp-content\/uploads\/2021\/04\/slide3-768x411.jpg 480w, https:\/\/hooymanssubstrates.com\/wp-content\/uploads\/2021\/04\/slide3-960x514.jpg 768w, https:\/\/hooymanssubstrates.com\/wp-content\/uploads\/2021\/04\/slide3-1200x642.jpg 960w, https:\/\/hooymanssubstrates.com\/wp-content\/uploads\/2021\/04\/slide3.jpg 1200w, https:\/\/hooymanssubstrates.com\/wp-content\/uploads\/2021\/04\/slide3.jpg 2000w, https:\/\/hooymanssubstrates.com\/wp-content\/uploads\/2021\/04\/slide3.jpg 3000w\" sizes=\"(max-width:479px) 480px, (min-width: 480px) and (max-width: 767px) 768px, (min-width: 768px) and (max-width: 959px) 960px, (min-width: 960px) and (max-width: 1200px) 1200px, 100vw\" src=\"https:\/\/hooymanssubstrates.com\/wp-content\/uploads\/2021\/04\/slide3-960x514.jpg\" alt=\"slide3\" \/><\/li>\n                <li><img decoding=\"async\" srcset=\"https:\/\/hooymanssubstrates.com\/wp-content\/uploads\/2021\/04\/slide-5-768x411.jpg 480w, https:\/\/hooymanssubstrates.com\/wp-content\/uploads\/2021\/04\/slide-5-960x514.jpg 768w, https:\/\/hooymanssubstrates.com\/wp-content\/uploads\/2021\/04\/slide-5-1200x642.jpg 960w, https:\/\/hooymanssubstrates.com\/wp-content\/uploads\/2021\/04\/slide-5.jpg 1200w, https:\/\/hooymanssubstrates.com\/wp-content\/uploads\/2021\/04\/slide-5.jpg 2000w, https:\/\/hooymanssubstrates.com\/wp-content\/uploads\/2021\/04\/slide-5.jpg 3000w\" sizes=\"(max-width:479px) 480px, (min-width: 480px) and (max-width: 767px) 768px, (min-width: 768px) and (max-width: 959px) 960px, (min-width: 960px) and (max-width: 1200px) 1200px, 100vw\" src=\"https:\/\/hooymanssubstrates.com\/wp-content\/uploads\/2021\/04\/slide-5-960x514.jpg\" alt=\"slide-5\" \/><\/li>\n                <li><img decoding=\"async\" srcset=\"https:\/\/hooymanssubstrates.com\/wp-content\/uploads\/2021\/04\/slide-6-768x411.jpg 480w, https:\/\/hooymanssubstrates.com\/wp-content\/uploads\/2021\/04\/slide-6-960x514.jpg 768w, https:\/\/hooymanssubstrates.com\/wp-content\/uploads\/2021\/04\/slide-6-1200x642.jpg 960w, https:\/\/hooymanssubstrates.com\/wp-content\/uploads\/2021\/04\/slide-6.jpg 1200w, https:\/\/hooymanssubstrates.com\/wp-content\/uploads\/2021\/04\/slide-6.jpg 2000w, https:\/\/hooymanssubstrates.com\/wp-content\/uploads\/2021\/04\/slide-6.jpg 3000w\" sizes=\"(max-width:479px) 480px, (min-width: 480px) and (max-width: 767px) 768px, (min-width: 768px) and (max-width: 959px) 960px, (min-width: 960px) and (max-width: 1200px) 1200px, 100vw\" src=\"https:\/\/hooymanssubstrates.com\/wp-content\/uploads\/2021\/04\/slide-6-960x514.jpg\" alt=\"slide-6\" \/><\/li>\n            <\/ul>\n    <\/div>\n<!-- \/slider_info -->\n\n\n\n\n\n\n<!-- map_info -->\n<div id=\"map-info-block_60703f1f1620b\" class=\"map_info alignfull\">\n    <div class=\"wrapper\"><div class=\"info_block\"><h5>Por todo el mundo<br \/>\n<strong>Superamos los l\u00edmites<\/strong><\/h5>\n<p>Nuestro sustrato se suministra en todo el mundo, y esto es algo que nos enorgullece. Siendo pioneros en el sector, siempre buscamos superar los l\u00edmites y encontrar nuevas oportunidades. Por eso asesoramos y orientamos a los cultivadores extranjeros que se enfrentan al mismo reto.<\/p>\n<p><a href=\"https:\/\/hooymanssubstrates.com\/es\/exportacion\/\">M\u00e1s informaci\u00f3n sobre nuestras exportaciones<\/a><\/p>\n<\/div><\/div>    <div class=\"map\">\n        <div class=\"trigger\"><lottie-player src=\"https:\/\/hooymanssubstrates.com\/wp-content\/themes\/Hooymans\/animation\/map-trigger.json\" background=\"transparent\" speed=\"1\" loop autoplay><\/lottie-player><\/div>\n        <div class=\"lottie_bg\"><lottie-player src=\"https:\/\/hooymanssubstrates.com\/wp-content\/themes\/Hooymans\/animation\/map.json\" background=\"transparent\" speed=\"1\"><\/lottie-player><\/div>\n        <div class=\"lottie\" data-src=\"https:\/\/hooymanssubstrates.com\/wp-content\/themes\/Hooymans\/animation\/map.json\"><\/div>\n    <\/div>\n<\/div>\n<!-- \/map_info -->\n","protected":false},"excerpt":{"rendered":"<p>FROM NATURE TO NATURE Hooymans Substrates produce sustrato de alta calidad para champi\u00f1ones desde 1989. De generaci\u00f3n en generaci\u00f3n, de la naturaleza y para la naturaleza, fabricamos este producto con pasi\u00f3n. Solo con el mejor sustrato se consigue un producto final perfecto que satisface plenamente a nuestros cultivadores. El champi\u00f1\u00f3n es un producto vers\u00e1til y [&hellip;]<\/p>\n","protected":false},"author":1,"featured_media":1658,"parent":0,"menu_order":0,"comment_status":"closed","ping_status":"closed","template":"","meta":{"_acf_changed":false,"_seopress_robots_primary_cat":"","_seopress_titles_title":"","_seopress_titles_desc":"","_seopress_robots_index":"","footnotes":""},"class_list":["post-692","page","type-page","status-publish","has-post-thumbnail","hentry"],"acf":[],"_links":{"self":[{"href":"https:\/\/hooymanssubstrates.com\/es\/wp-json\/wp\/v2\/pages\/692","targetHints":{"allow":["GET"]}}],"collection":[{"href":"https:\/\/hooymanssubstrates.com\/es\/wp-json\/wp\/v2\/pages"}],"about":[{"href":"https:\/\/hooymanssubstrates.com\/es\/wp-json\/wp\/v2\/types\/page"}],"author":[{"embeddable":true,"href":"https:\/\/hooymanssubstrates.com\/es\/wp-json\/wp\/v2\/users\/1"}],"replies":[{"embeddable":true,"href":"https:\/\/hooymanssubstrates.com\/es\/wp-json\/wp\/v2\/comments?post=692"}],"version-history":[{"count":36,"href":"https:\/\/hooymanssubstrates.com\/es\/wp-json\/wp\/v2\/pages\/692\/revisions"}],"predecessor-version":[{"id":2339,"href":"https:\/\/hooymanssubstrates.com\/es\/wp-json\/wp\/v2\/pages\/692\/revisions\/2339"}],"wp:featuredmedia":[{"embeddable":true,"href":"https:\/\/hooymanssubstrates.com\/es\/wp-json\/wp\/v2\/media\/1658"}],"wp:attachment":[{"href":"https:\/\/hooymanssubstrates.com\/es\/wp-json\/wp\/v2\/media?parent=692"}],"curies":[{"name":"wp","href":"https:\/\/api.w.org\/{rel}","templated":true}]}}